{"id":99,"date":"2013-12-04T10:21:50","date_gmt":"2013-12-04T09:21:50","guid":{"rendered":"http:\/\/aviation.pero-online.de\/wordpress\/?page_id=99"},"modified":"2025-10-15T04:38:38","modified_gmt":"2025-10-15T02:38:38","slug":"softwareprojects","status":"publish","type":"page","link":"https:\/\/aviation.pero-online.de\/wordpress\/softwareprojects\/","title":{"rendered":"Software"},"content":{"rendered":"\n<p>Meine ersten Erfahrungen in der Softwareentwicklung sammelte ich, wie viele andere auch, mit kleinen Anwendungen in GWBASIC unter DOS. Sp\u00e4ter folgten Pascal und Turbo Pascal, danach Delphi und verschiedene Skriptsprachen, bis ich schlie\u00dflich bei Visual Basic gelandet bin.<\/p>\n\n\n\n<p>Ich entwickle Software immer dann, wenn ich auf eine Herausforderung sto\u00dfe, f\u00fcr die es keine einfache oder passende L\u00f6sung gibt. Besonders im Bereich Homecockpit bietet sich viel Raum f\u00fcr eigene Ideen und kreative Umsetzungen \u2013 und diese Projekte teile ich gerne kostenlos mit der Community.<\/p>\n\n\n\n<div style=\"text-align:left\" class=\"wp-block-fruitful-blocks-fruitful-alert ff fruitful_alert ff-alert-info ff-id-block-5bda764a-0cc3-4583-9e21-4d81f0f95d29\"><i class=\"ff-icon\"><\/i><div>Meine Freeware Projekt werden kostenfrei zur nicht kommerziellen Nutzung \u00fcberlassen. Sie d\u00fcrfen nicht ver\u00e4ndert oder weiterverbreitet werden. Alle Softwareprojekt werden ohne Garantie, Gew\u00e4hrleistung und Support geliefert!<br><br><strong>Die Nutzung erfolgt auf eigene Gefahr!<\/strong><\/div><a href=\"#\" class=\"ff-alert-dismiss\"><\/a><\/div>\n\n\n<!-- Beginning of Link Library Output --><div id='linklist1' class='linklist'><!-- Div Linklist -->\n<div class=\"LinkLibraryCat LinkLibraryCat137 level0\"><!-- Div Category --><div id=\"software\"><!-- Div Category Name --><div class=\"linklistcatname\"><!-- Div Cat Name --><span class=\"linklistcatclass\">Software<\/span><\/div><!-- DivOrHeader --><\/div><!-- Div Category Name --><div class=\"LinkLibraryCat LinkLibraryCat140 childlevel level1\"><!-- Div Category --><div id=\"allgemein\"><!-- Div Category Name --><div class=\"linklistcatname\"><!-- Div Cat Name --><span class=\"linklistcatclass\">Allgemein<\/span><\/div><!-- DivOrHeader --><\/div><!-- Div Category Name -->\n\t<ul>\n<li><a href=\"https:\/\/aviation.pero-online.de\/wordpress\/softwareprojects\/cockpit-rules-of-thumb\/\" id=\"link-4724\" class=\"track_this_link \" rel=\"noopener noreferrer\" target=\"_blank\">Cockpit Rules of Thumb<\/a>\nEine Touchpad f\u00e4hige Software f\u00fcr die Berechnung einiger Faustregeln im Homecockpit<\/li>\n<li><a href=\"https:\/\/aviation.pero-online.de\/wordpress\/softwareprojects\/cortemanager4jeehell\/\" id=\"link-4728\" class=\"track_this_link \" rel=\"noopener noreferrer\" target=\"_blank\">corteManager4JeeHell<\/a>\nManager f\u00fcr Company Routes im A320FMGS von JeeHell. Erneuert zudem die Navigation Database.<\/li>\n<li><a href=\"https:\/\/aviation.pero-online.de\/wordpress\/softwareprojects\/jeehellpackflow2arduino\/\" id=\"link-4727\" class=\"track_this_link \" rel=\"noopener noreferrer\" target=\"_blank\">JeeHell PackFlow2Arduino<\/a>\nEine Software zur L\u00fcftersteuerung im Homecockpit<\/li>\n<li><a href=\"https:\/\/aviation.pero-online.de\/wordpress\/softwareprojects\/loadsheet2hoppie\/\" id=\"link-4723\" class=\"track_this_link \" rel=\"noopener noreferrer\" target=\"_blank\">Loadsheet2Hoppie<\/a>\nSendet verschiedene Informationen wie das Loadsheet \u00fcber ACARS<\/li>\n<li><a href=\"https:\/\/aviation.pero-online.de\/wordpress\/softwareprojects\/peropush2talk\/\" id=\"link-4725\" class=\"track_this_link \" rel=\"noopener noreferrer\" target=\"_blank\">peroPUSH2TALK<\/a>\nErm\u00f6glicht Push2Talk auf einem Windows Touchpad<\/li>\n\t<\/ul>\n<\/div><!-- Div End Category -->\n<div class=\"LinkLibraryCat LinkLibraryCat139 childlevel level1\"><!-- Div Category --><div id=\"msfs\"><!-- Div Category Name --><div class=\"linklistcatname\"><!-- Div Cat Name --><span class=\"linklistcatclass\">MSFS<\/span><\/div><!-- DivOrHeader --><\/div><!-- Div Category Name -->\n\t<ul>\n<li><a href=\"https:\/\/flightsim.to\/file\/83984\/pero-airports-exporter\" id=\"link-4730\" class=\"track_this_link \" rel=\"noopener noreferrer\" target=\"_blank\">Airports Exporter<\/a>\nErstellt Karten mit installierten Airports<\/li>\n<li><a href=\"https:\/\/aviation.pero-online.de\/wordpress\/softwareprojects\/external-pwr-fuer-jeehell-fmgs-sven-mod\/\" id=\"link-4719\" class=\"track_this_link \" rel=\"noopener noreferrer\" target=\"_blank\">External PWR f\u00fcr JeeHell FMGS Sven Mod<\/a>\nSteuert die EXT PWR im A320FMGS Homecockpit mit dem Sven MOD<\/li>\n<li><a href=\"https:\/\/flightsim.to\/file\/90259\/pero-jeehell-pnf\" id=\"link-4859\" class=\"track_this_link \" rel=\"noopener noreferrer\" target=\"_blank\">pero JeeHell PNF<\/a>\nDiese Software ist ein Add-On f\u00fcr JeeHell FMGS und f\u00fcgt die Callouts des Pilot non flying (PNF) hinzu.<\/li>\n<li><a href=\"https:\/\/aviation.pero-online.de\/wordpress\/softwareprojects\/perolights-fuer-jeehell-fmgs-sven-mod\/\" id=\"link-4720\" class=\"track_this_link \" rel=\"noopener noreferrer\" target=\"_blank\">peroLights f\u00fcr JeeHell FMGS Sven Mod<\/a>\nKorrigiert die Lichter im A320FMGS mit Sven MOD<\/li>\n\t<\/ul>\n<\/div><!-- Div End Category -->\n<div class=\"LinkLibraryCat LinkLibraryCat138 childlevel level1\"><!-- Div Category --><div id=\"prepar3d\"><!-- Div Category Name --><div class=\"linklistcatname\"><!-- Div Cat Name --><span class=\"linklistcatclass\">PREPAR3D<\/span><\/div><!-- DivOrHeader --><\/div><!-- Div Category Name -->\n\t<ul>\n<li><a href=\"https:\/\/aviation.pero-online.de\/wordpress\/softwareprojects\/fm-helper\/\" id=\"link-4722\" class=\"track_this_link \" rel=\"noopener noreferrer\" target=\"_blank\">FM-Helper<\/a>\nSteuert das importieren von neuen Fl\u00fcgen f\u00fcr den FlightManager<\/li>\n<li><a href=\"https:\/\/aviation.pero-online.de\/wordpress\/softwareprojects\/jeehell-ext-pwr-by-gsx\/\" id=\"link-4726\" class=\"track_this_link \" rel=\"noopener noreferrer\" target=\"_blank\">JeeHell EXT PWR by GSX<\/a>\nSteuert GSX, EXT PWR und gibt Cockpit Ansagen aus<\/li>\n<li><a href=\"https:\/\/aviation.pero-online.de\/wordpress\/softwareprojects\/pero-simbrief2atcapi\/\" id=\"link-4721\" class=\"track_this_link \" rel=\"noopener noreferrer\" target=\"_blank\">SimBrief2ATCAPI<\/a>\nErmittelt die aktive Landebahn aus simBrief und \u00fcbergibt sie an ATCAPI<\/li>\n<li><a href=\"https:\/\/aviation.pero-online.de\/wordpress\/simstarter-ng-p3d\/\" id=\"link-4729\" class=\"track_this_link \" rel=\"noopener noreferrer\" target=\"_blank\">SIMstarter NG P3D<\/a>\nEine umfangreiche Konfigurationssoftware f\u00fcr PREPAR3D<\/li>\n\t<\/ul>\n<\/div><!-- Div End Category -->\n<\/div><!-- Div End Category -->\n<script type='text\/javascript'>\njQuery(document).ready(function()\n{\njQuery('.arrow-up').hide();\njQuery('#linklist1 a.track_this_link').click(function() {\nlinkid = this.id;\nlinkid = linkid.substring(5);\npath = '';\njQuery.ajax( {    type: 'POST',    url: 'https:\/\/aviation.pero-online.de\/wordpress\/wp-admin\/admin-ajax.php',     data: { action: 'link_library_tracker',             _ajax_nonce: 'd8613bde23',             id:linkid, xpath:path }     });\nreturn true;\n});\njQuery('#linklist1 .expandlinks').click(function() {\ntarget = '.' + jQuery(this).attr('id');\nsubcattarget = '.' + jQuery(this).attr('data-subcat');\nif ( jQuery( target ).is(':visible') ) {\njQuery(target).slideUp();\njQuery(subcattarget).slideToggle();\njQuery(this).children('img').attr('src', 'https:\/\/aviation.pero-online.de\/wordpress\/wp-content\/plugins\/link-library\/icons\/expand-32.png');\n} else {\njQuery(target).slideDown();\njQuery(subcattarget).slideToggle();\njQuery(this).children('img').attr('src', 'https:\/\/aviation.pero-online.de\/wordpress\/wp-content\/plugins\/link-library\/icons\/collapse-32.png');\n}\n});\njQuery('#linklist1 .linklistcatclass').click(function() {\njQuery(this).siblings('.expandlinks').click();\n});\njQuery('#linklist1 .linklistcatnamedesc').click(function() {\njQuery(this).siblings('.expandlinks').click();\n});\n});\n<\/script>\n<\/div><!-- Div Linklist -->\n<!-- End of Link Library Output -->\n\n\n\n\n<p><\/p>\n","protected":false},"excerpt":{"rendered":"<p>Meine ersten Erfahrungen in der Softwareentwicklung sammelte ich, wie viele andere auch, mit kleinen Anwendungen in GWBASIC unter DOS. Sp\u00e4ter folgten Pascal und Turbo Pascal, danach Delphi und verschiedene Skriptsprachen, bis ich schlie\u00dflich bei Visual Basic gelandet bin. Ich entwickle Software immer dann, wenn ich auf eine Herausforderung sto\u00dfe, f\u00fcr die es keine einfache oder&hellip;&nbsp;<a href=\"https:\/\/aviation.pero-online.de\/wordpress\/softwareprojects\/\" rel=\"bookmark\">Weiterlesen &raquo;<span class=\"screen-reader-text\">Software<\/span><\/a><\/p>\n","protected":false},"author":2,"featured_media":0,"parent":0,"menu_order":0,"comment_status":"closed","ping_status":"closed","template":"","meta":{"_stopmodifiedupdate":false,"_modified_date":"","neve_meta_sidebar":"","neve_meta_container":"","neve_meta_enable_content_width":"","neve_meta_content_width":0,"neve_meta_title_alignment":"","neve_meta_author_avatar":"","neve_post_elements_order":"","neve_meta_disable_header":"","neve_meta_disable_footer":"","neve_meta_disable_title":"","footnotes":""},"class_list":["post-99","page","type-page","status-publish","hentry"],"_links":{"self":[{"href":"https:\/\/aviation.pero-online.de\/wordpress\/wp-json\/wp\/v2\/pages\/99","targetHints":{"allow":["GET"]}}],"collection":[{"href":"https:\/\/aviation.pero-online.de\/wordpress\/wp-json\/wp\/v2\/pages"}],"about":[{"href":"https:\/\/aviation.pero-online.de\/wordpress\/wp-json\/wp\/v2\/types\/page"}],"author":[{"embeddable":true,"href":"https:\/\/aviation.pero-online.de\/wordpress\/wp-json\/wp\/v2\/users\/2"}],"replies":[{"embeddable":true,"href":"https:\/\/aviation.pero-online.de\/wordpress\/wp-json\/wp\/v2\/comments?post=99"}],"version-history":[{"count":0,"href":"https:\/\/aviation.pero-online.de\/wordpress\/wp-json\/wp\/v2\/pages\/99\/revisions"}],"wp:attachment":[{"href":"https:\/\/aviation.pero-online.de\/wordpress\/wp-json\/wp\/v2\/media?parent=99"}],"curies":[{"name":"wp","href":"https:\/\/api.w.org\/{rel}","templated":true}]}}