{"id":4663,"date":"2024-10-12T01:21:19","date_gmt":"2024-10-12T00:21:19","guid":{"rendered":"https:\/\/aviation.pero-online.de\/wordpress\/?page_id=4663"},"modified":"2024-10-12T01:23:41","modified_gmt":"2024-10-12T00:23:41","slug":"external-pwr-fuer-jeehell-fmgs-sven-mod","status":"publish","type":"page","link":"https:\/\/aviation.pero-online.de\/wordpress\/softwareprojects\/external-pwr-fuer-jeehell-fmgs-sven-mod\/","title":{"rendered":"External PWR f\u00fcr JeeHell FMGS Sven Mod"},"content":{"rendered":"\n<h2 class=\"wp-block-heading\">Einf\u00fchrung<\/h2>\n\n\n\n<p>Im Standard muss &#8222;EXT PWR = AVAIL&#8220;, also Ground Power, manuell angeklickt werden und z.B. \u00fcber einen Joystick Button zugewiesen werden. Dieses Script sorgt f\u00fcr ein realistisches Verhalten, da es automatisch die Ground Power verf\u00fcgbar anzeigt, wenn die Jetways, Stairs oder die GPU verbunden sind. Der Disconnect der Ground Power erfolgt ebenfalls automatisch<\/p>\n\n\n\n<figure class=\"wp-block-image size-large\"><img loading=\"lazy\" decoding=\"async\" width=\"1024\" height=\"768\" src=\"https:\/\/aviation.pero-online.de\/wordpress\/wp-content\/uploads\/2024\/10\/ExtPWR-1024x768.jpg\" alt=\"\" class=\"wp-image-4664\" srcset=\"https:\/\/aviation.pero-online.de\/wordpress\/wp-content\/uploads\/2024\/10\/ExtPWR-1024x768.jpg 1024w, https:\/\/aviation.pero-online.de\/wordpress\/wp-content\/uploads\/2024\/10\/ExtPWR-300x225.jpg 300w, https:\/\/aviation.pero-online.de\/wordpress\/wp-content\/uploads\/2024\/10\/ExtPWR-768x576.jpg 768w, https:\/\/aviation.pero-online.de\/wordpress\/wp-content\/uploads\/2024\/10\/ExtPWR-1536x1152.jpg 1536w, https:\/\/aviation.pero-online.de\/wordpress\/wp-content\/uploads\/2024\/10\/ExtPWR.jpg 2000w\" sizes=\"auto, (max-width: 1024px) 100vw, 1024px\" \/><\/figure>\n\n\n\n<h2 class=\"wp-block-heading\">FSUIPC<\/h2>\n\n\n\n<p>Das Script muss in FSUIPC7 eingebunden werden und dort automatisch gestartet werden<\/p>\n\n\n\n<figure class=\"wp-block-image size-full\"><img loading=\"lazy\" decoding=\"async\" width=\"442\" height=\"254\" src=\"https:\/\/aviation.pero-online.de\/wordpress\/wp-content\/uploads\/2024\/10\/image.png\" alt=\"\" class=\"wp-image-4665\" srcset=\"https:\/\/aviation.pero-online.de\/wordpress\/wp-content\/uploads\/2024\/10\/image.png 442w, https:\/\/aviation.pero-online.de\/wordpress\/wp-content\/uploads\/2024\/10\/image-300x172.png 300w\" sizes=\"auto, (max-width: 442px) 100vw, 442px\" \/><\/figure>\n\n\n\n<h2 class=\"wp-block-heading\">Release Notes<\/h2>\n\n\n\n<p><strong>11.10.2024 \/\/ 22 Uhr<\/strong><\/p>\n\n\n\n<ul class=\"wp-block-list\">\n<li>First release<\/li>\n<\/ul>\n\n\n\n<h2 class=\"wp-block-heading\">Download<\/h2>\n\n\n<div class='w3eden'><!-- WPDM Link Template: Default Template -->\n\n<div class=\"link-template-default card mb-2\">\n    <div class=\"card-body\">\n        <div class=\"media\">\n            <div class=\"mr-3 img-48\"><img decoding=\"async\" class=\"wpdm_icon\" alt=\"Icon\"   src=\"https:\/\/aviation.pero-online.de\/wordpress\/wp-content\/plugins\/download-manager\/assets\/file-type-icons\/zip.svg\" \/><\/div>\n            <div class=\"media-body\">\n                <h3 class=\"package-title\"><a href='https:\/\/aviation.pero-online.de\/wordpress\/download\/perojeehellextpwr-msfs\/'>peroJeeHellExtPWR MSFS<\/a><\/h3>\n                <div class=\"text-muted text-small\"><i class=\"fas fa-copy\"><\/i> 1 Datei(en) <i class=\"fas fa-hdd ml-3\"><\/i> 0.00 KB<\/div>\n            <\/div>\n            <div class=\"ml-3\">\n                <a class='wpdm-download-link download-on-click btn btn-primary ' rel='nofollow' href='#' data-downloadurl=\"https:\/\/aviation.pero-online.de\/wordpress\/download\/perojeehellextpwr-msfs\/?wpdmdl=4667&refresh=69e523aee30a91776624558\">Download<\/a>\n            <\/div>\n        <\/div>\n    <\/div>\n<\/div>\n\n<\/div>\n","protected":false},"excerpt":{"rendered":"<p>Einf\u00fchrung Im Standard muss &#8222;EXT PWR = AVAIL&#8220;, also Ground Power, manuell angeklickt werden und z.B. \u00fcber einen Joystick Button zugewiesen werden. Dieses Script sorgt f\u00fcr ein realistisches Verhalten, da es automatisch die Ground Power verf\u00fcgbar anzeigt, wenn die Jetways, Stairs oder die GPU verbunden sind. Der Disconnect der Ground Power erfolgt ebenfalls automatisch FSUIPC&hellip;&nbsp;<a href=\"https:\/\/aviation.pero-online.de\/wordpress\/softwareprojects\/external-pwr-fuer-jeehell-fmgs-sven-mod\/\" rel=\"bookmark\">Weiterlesen &raquo;<span class=\"screen-reader-text\">External PWR f\u00fcr JeeHell FMGS Sven Mod<\/span><\/a><\/p>\n","protected":false},"author":2,"featured_media":0,"parent":99,"menu_order":0,"comment_status":"closed","ping_status":"closed","template":"","meta":{"_stopmodifiedupdate":false,"_modified_date":"","neve_meta_sidebar":"","neve_meta_container":"","neve_meta_enable_content_width":"","neve_meta_content_width":0,"neve_meta_title_alignment":"","neve_meta_author_avatar":"","neve_post_elements_order":"","neve_meta_disable_header":"","neve_meta_disable_footer":"","neve_meta_disable_title":"","footnotes":""},"class_list":["post-4663","page","type-page","status-publish","hentry"],"_links":{"self":[{"href":"https:\/\/aviation.pero-online.de\/wordpress\/wp-json\/wp\/v2\/pages\/4663","targetHints":{"allow":["GET"]}}],"collection":[{"href":"https:\/\/aviation.pero-online.de\/wordpress\/wp-json\/wp\/v2\/pages"}],"about":[{"href":"https:\/\/aviation.pero-online.de\/wordpress\/wp-json\/wp\/v2\/types\/page"}],"author":[{"embeddable":true,"href":"https:\/\/aviation.pero-online.de\/wordpress\/wp-json\/wp\/v2\/users\/2"}],"replies":[{"embeddable":true,"href":"https:\/\/aviation.pero-online.de\/wordpress\/wp-json\/wp\/v2\/comments?post=4663"}],"version-history":[{"count":0,"href":"https:\/\/aviation.pero-online.de\/wordpress\/wp-json\/wp\/v2\/pages\/4663\/revisions"}],"up":[{"embeddable":true,"href":"https:\/\/aviation.pero-online.de\/wordpress\/wp-json\/wp\/v2\/pages\/99"}],"wp:attachment":[{"href":"https:\/\/aviation.pero-online.de\/wordpress\/wp-json\/wp\/v2\/media?parent=4663"}],"curies":[{"name":"wp","href":"https:\/\/api.w.org\/{rel}","templated":true}]}}