{"id":4632,"date":"2024-10-08T14:49:00","date_gmt":"2024-10-08T13:49:00","guid":{"rendered":"https:\/\/aviation.pero-online.de\/wordpress\/?page_id=4632"},"modified":"2025-04-11T03:59:36","modified_gmt":"2025-04-11T02:59:36","slug":"perolights-fuer-jeehell-fmgs-sven-mod","status":"publish","type":"page","link":"https:\/\/aviation.pero-online.de\/wordpress\/softwareprojects\/perolights-fuer-jeehell-fmgs-sven-mod\/","title":{"rendered":"peroLights f\u00fcr JeeHell FMGS Sven Mod"},"content":{"rendered":"\n<div style=\"text-align:left\" class=\"wp-block-fruitful-blocks-fruitful-alert ff fruitful_alert ff-alert-info ff-id-block-427e11c2-877c-4503-b920-0201413fbe55\"><i class=\"ff-icon\"><\/i><div>10.04.2025: Update TAXI TO Light<\/div><a href=\"#\" class=\"ff-alert-dismiss\"><\/a><\/div>\n\n\n\n<h2 class=\"wp-block-heading\">Einf\u00fchrung<\/h2>\n\n\n\n<p>Mit dem JeeHell FMGS \u201eSven MOD\u201c f\u00fcr MSFS kann man im Standard alle notwendigen Lichter im A320 NEO aus dem Overhead schalten.<\/p>\n\n\n\n<p>Allerdings werden z.B. die RWY TURN OFF Lights gemeinsam mit dem Landings Lights geschaltet, genauso wie das TAXI T.O. Licht. Nachfolgend gehe ich darauf ein, wie man diese Lichter mit dem \u201eSven MOD\u201c separat schalten kann.<\/p>\n\n\n\n<figure class=\"wp-block-video\"><video controls src=\"https:\/\/aviation.pero-online.de\/wordpress\/wp-content\/uploads\/2024\/10\/peroLights.mp4\"><\/video><\/figure>\n\n\n\n<h2 class=\"wp-block-heading\">Technisch<\/h2>\n\n\n\n<p>Lese ich ein Offset aus JeeHell FMGS, dass zusammen mit den &#8222;New Lights&#8220; erstellt wurde. Mit diesen Schaltzust\u00e4nden schalte ich dann die Lichter im Flugzeugmodell. Leider gibt es kein Ereignis f\u00fcr &#8222;TAXI T.O&#8220; so, dass ich hier auf Tasten (Buchstaben) zur\u00fcckgegriffen habe, die ich \u00fcber FSUIPC7 den Lichtern zuweise.<\/p>\n\n\n\n<p><em>Update 10.04.2025: Es gibt auch eine M\u00f6glichkeit das TAXI TO Light ohne Keypress zu schalten. Siehe unten &#8222;TAXI TO ohne Keypress&#8220;.<\/em><\/p>\n\n\n\n<p><strong><mark style=\"background-color:rgba(0, 0, 0, 0)\" class=\"has-inline-color has-nv-c-2-color\">F\u00fcr VATSIM und Co sind die Lichter extern sichtbar!<\/mark><\/strong><\/p>\n\n\n\n<h2 class=\"wp-block-heading\">JeeHell FMGS<\/h2>\n\n\n\n<p>Wie schon geschrieben, muss JeeHell FMGS auf &#8222;New Lights&#8220; umkonfiguriert werden. Dazu habe ich folgende Dateien in *.off umbenannt:<\/p>\n\n\n\n<pre class=\"wp-block-code\"><code>.\\A320FMGS\\FMGS Server\\ExtLights.ini\n.\\A320FMGS\\FMGS Server\\oldExtLights.cfg<\/code><\/pre>\n\n\n\n<h2 class=\"wp-block-heading\">Skalarki Profiler<\/h2>\n\n\n\n<p>Jetzt m\u00fcssen wir den Profiler so konfigurieren, dass er f\u00fcr einen Schalter die Buchstaben C und X \u00fcbergibt.<\/p>\n\n\n\n<figure class=\"wp-block-image size-full\"><img decoding=\"async\" src=\"https:\/\/aviation.pero-online.de\/wordpress\/wp-content\/uploads\/2024\/10\/peroLights_Skalarki.png\" alt=\"\" class=\"wp-image-block-427e11c2-877c-4503-b920-0201413fbe55\"\/><\/figure>\n\n\n\n<p>Den Schalter &#8222;[LTG] NOSE_OFF&#8220; k\u00f6nnen wir belassen.<\/p>\n\n\n\n<h2 class=\"wp-block-heading\">FSUIPC7<\/h2>\n\n\n\n<p>Hier habe ich das LUA Script \u201eperoLights.lua\u201c erstellt und in der FSUIPC7.ini bekannt gemacht:<\/p>\n\n\n\n<figure class=\"wp-block-image size-full\"><img decoding=\"async\" src=\"https:\/\/aviation.pero-online.de\/wordpress\/wp-content\/uploads\/2024\/10\/fsuipc7ini.png\" alt=\"\" class=\"wp-image-block-427e11c2-877c-4503-b920-0201413fbe55\"\/><\/figure>\n\n\n\n<p>Jetzt musste in FSUIPC7 nur noch die Verbindung zwischen meinem LUA Script und dem Tastendruck hergestellt werden. Dazu wird f\u00fcr jede Taste ein Bit eines Offset gesetzt.<\/p>\n\n\n\n<p>Offset 0x66F2<\/p>\n\n\n\n<figure class=\"wp-block-table is-style-regular has-small-font-size\"><table class=\"has-border-color has-nv-light-bg-border-color has-fixed-layout\" style=\"border-width:1px\"><thead><tr><th>Bit<\/th><th>Funktion<\/th><th>Taste<\/th><\/tr><\/thead><tbody><tr><td>1<\/td><td>Light Taxi = On<\/td><td>X<\/td><\/tr><tr><td>2<\/td><td>Light Taxi = T.O.<\/td><td>C<\/td><\/tr><\/tbody><\/table><\/figure>\n\n\n\n<p>Hier exemplarisch f\u00fcr die Taste &#8222;C&#8220; das Bit 2 um die Funktion &#8222;TAXI = T.O&#8220; zu schalten:<\/p>\n\n\n\n<figure class=\"wp-block-image size-full\"><img decoding=\"async\" src=\"https:\/\/aviation.pero-online.de\/wordpress\/wp-content\/uploads\/2024\/10\/peroLights_FSUIPCkeyAssign.png\" alt=\"\" class=\"wp-image-block-427e11c2-877c-4503-b920-0201413fbe55\"\/><\/figure>\n\n\n\n<p><\/p>\n\n\n\n<h2 class=\"wp-block-heading\">Taxi TO ohne Keypress<\/h2>\n\n\n\n<p>In manchen Setups ist es nicht m\u00f6glich, dass TAXI TO Light mit Keypress zu verwenden. Daher habe ich mein Script so angepasst, dass das TAXI TO Light eingeschaltet wird, wenn beide Landing Lights (links\/rechts) eingeschaltet wurden. Um diese Funktion als Alternative zu der L\u00f6sung mit dem Tastendruck zu verwenden muss in dem Script diese Variable auf =1 gesetzt werden:<\/p>\n\n\n\n<pre class=\"wp-block-code\"><code>local switchTaxiTOwithLDGboth = 0<\/code><\/pre>\n\n\n\n<h2 class=\"wp-block-heading\">Release Notes<\/h2>\n\n\n\n<p><strong>10.04.2025 \/\/ 18.45 Uhr<\/strong><\/p>\n\n\n\n<ul class=\"wp-block-list\">\n<li>FEATURE: TAXI TO kann ohne Keypress geschalten werden<\/li>\n<\/ul>\n\n\n\n<p><strong>11.10.2024 \/\/ 22 Uhr<\/strong><\/p>\n\n\n\n<ul class=\"wp-block-list\">\n<li>FEATURE: STROBE AUTO implementiert<\/li>\n\n\n\n<li>FEATURE: Alle Nose Lights schalten ab, wenn das Nose Wheel Up ist. Schalten wieder ein (gem\u00e4\u00df Schalterposition) wenn Nose Wheel wieder Down<\/li>\n\n\n\n<li>CHANGED: Steuerung der Lichtschalter \u00fcber Offsets. Keine Parameter mehr erforderlich.<\/li>\n\n\n\n<li>CHANGED: Es m\u00fcssen 2 Tasten f\u00fcr TAXI = ON und TAXI = T.O. verwendet werden<\/li>\n\n\n\n<li>BUGFIX: Taxi T.O.<\/li>\n<\/ul>\n\n\n\n<h2 class=\"wp-block-heading\">Download<\/h2>\n\n\n<div class='w3eden'><!-- WPDM Link Template: Default Template -->\n\n<div class=\"link-template-default card mb-2\">\n    <div class=\"card-body\">\n        <div class=\"media\">\n            <div class=\"mr-3 img-48\"><img decoding=\"async\" class=\"wpdm_icon\" alt=\"Icon\"   src=\"https:\/\/aviation.pero-online.de\/wordpress\/wp-content\/plugins\/download-manager\/assets\/file-type-icons\/zip.svg\" \/><\/div>\n            <div class=\"media-body\">\n                <h3 class=\"package-title\"><a href='https:\/\/aviation.pero-online.de\/wordpress\/download\/perolights-jeehell-msfs\/'>peroLights JeeHell MSFS<\/a><\/h3>\n                <div class=\"text-muted text-small\"><i class=\"fas fa-copy\"><\/i> 1 Datei(en) <i class=\"fas fa-hdd ml-3\"><\/i> 0.00 KB<\/div>\n            <\/div>\n            <div class=\"ml-3\">\n                <a class='wpdm-download-link download-on-click btn btn-primary ' rel='nofollow' href='#' data-downloadurl=\"https:\/\/aviation.pero-online.de\/wordpress\/download\/perolights-jeehell-msfs\/?wpdmdl=4659&refresh=69db6bbedd9601775987646\">Download<\/a>\n            <\/div>\n        <\/div>\n    <\/div>\n<\/div>\n\n<\/div>\n","protected":false},"excerpt":{"rendered":"<p>Einf\u00fchrung Mit dem JeeHell FMGS \u201eSven MOD\u201c f\u00fcr MSFS kann man im Standard alle notwendigen Lichter im A320 NEO aus dem Overhead schalten. Allerdings werden z.B. die RWY TURN OFF Lights gemeinsam mit dem Landings Lights geschaltet, genauso wie das TAXI T.O. Licht. Nachfolgend gehe ich darauf ein, wie man diese Lichter mit dem \u201eSven&hellip;&nbsp;<a href=\"https:\/\/aviation.pero-online.de\/wordpress\/softwareprojects\/perolights-fuer-jeehell-fmgs-sven-mod\/\" rel=\"bookmark\">Weiterlesen &raquo;<span class=\"screen-reader-text\">peroLights f\u00fcr JeeHell FMGS Sven Mod<\/span><\/a><\/p>\n","protected":false},"author":2,"featured_media":0,"parent":99,"menu_order":0,"comment_status":"closed","ping_status":"closed","template":"","meta":{"_stopmodifiedupdate":false,"_modified_date":"","neve_meta_sidebar":"","neve_meta_container":"","neve_meta_enable_content_width":"","neve_meta_content_width":0,"neve_meta_title_alignment":"","neve_meta_author_avatar":"","neve_post_elements_order":"","neve_meta_disable_header":"","neve_meta_disable_footer":"","neve_meta_disable_title":"","footnotes":""},"class_list":["post-4632","page","type-page","status-publish","hentry"],"_links":{"self":[{"href":"https:\/\/aviation.pero-online.de\/wordpress\/wp-json\/wp\/v2\/pages\/4632","targetHints":{"allow":["GET"]}}],"collection":[{"href":"https:\/\/aviation.pero-online.de\/wordpress\/wp-json\/wp\/v2\/pages"}],"about":[{"href":"https:\/\/aviation.pero-online.de\/wordpress\/wp-json\/wp\/v2\/types\/page"}],"author":[{"embeddable":true,"href":"https:\/\/aviation.pero-online.de\/wordpress\/wp-json\/wp\/v2\/users\/2"}],"replies":[{"embeddable":true,"href":"https:\/\/aviation.pero-online.de\/wordpress\/wp-json\/wp\/v2\/comments?post=4632"}],"version-history":[{"count":0,"href":"https:\/\/aviation.pero-online.de\/wordpress\/wp-json\/wp\/v2\/pages\/4632\/revisions"}],"up":[{"embeddable":true,"href":"https:\/\/aviation.pero-online.de\/wordpress\/wp-json\/wp\/v2\/pages\/99"}],"wp:attachment":[{"href":"https:\/\/aviation.pero-online.de\/wordpress\/wp-json\/wp\/v2\/media?parent=4632"}],"curies":[{"name":"wp","href":"https:\/\/api.w.org\/{rel}","templated":true}]}}