{"id":4034,"date":"2023-02-22T04:45:53","date_gmt":"2023-02-22T03:45:53","guid":{"rendered":"https:\/\/aviation.pero-online.de\/wordpress\/?page_id=4034"},"modified":"2023-03-10T05:52:10","modified_gmt":"2023-03-10T04:52:10","slug":"fm-helper","status":"publish","type":"page","link":"https:\/\/aviation.pero-online.de\/wordpress\/softwareprojects\/fm-helper\/","title":{"rendered":"FM-Helper"},"content":{"rendered":"\n<p>Dieses Programm wurde geschrieben, um den Prozess des Datenimports aus SimBrief f\u00fcr TOPCAT weiter zu automatisieren. Es unterst\u00fctzt das Tool von Ramon &#8222;Flight Manager&#8220;, mit dem Daten von SimBrief zu TOPCAT gesendet werden k\u00f6nnen. Es kann auf einem zweiten PC in einer Netzwerkumgebung laufen.<\/p>\n\n\n\n<figure class=\"wp-block-image size-full\"><img loading=\"lazy\" decoding=\"async\" width=\"945\" height=\"483\" src=\"https:\/\/aviation.pero-online.de\/wordpress\/wp-content\/uploads\/2023\/03\/image.png\" alt=\"\" class=\"wp-image-4050\" srcset=\"https:\/\/aviation.pero-online.de\/wordpress\/wp-content\/uploads\/2023\/03\/image.png 945w, https:\/\/aviation.pero-online.de\/wordpress\/wp-content\/uploads\/2023\/03\/image-300x153.png 300w, https:\/\/aviation.pero-online.de\/wordpress\/wp-content\/uploads\/2023\/03\/image-768x393.png 768w\" sizes=\"auto, (max-width: 945px) 100vw, 945px\" \/><\/figure>\n\n\n\n<p>Vielen Dank an Pete Fuss f\u00fcr&#8217;s testen!<\/p>\n\n\n\n<div class=\"wp-block-columns is-layout-flex wp-container-core-columns-is-layout-9d6595d7 wp-block-columns-is-layout-flex\">\n<div class=\"wp-block-column is-layout-flow wp-block-column-is-layout-flow\">\n<h2 class=\"wp-block-heading\">Ohne FM-Helper<\/h2>\n\n\n\n<ul class=\"wp-block-list\">\n<li>Start des &#8222;Flight Manager&#8220; und klick auf importieren<\/li>\n\n\n\n<li>Suchen des OFP als PDF und \u00f6ffnender Datei<\/li>\n<\/ul>\n<\/div>\n\n\n\n<div class=\"wp-block-column is-layout-flow wp-block-column-is-layout-flow\">\n<h2 class=\"wp-block-heading\">Mit FM-Helper<\/h2>\n\n\n\n<ul class=\"wp-block-list\">\n<li>FM-Helper \u00fcberwacht den SimBrief Downloader Ordner auf PDF Dateien<\/li>\n\n\n\n<li>Wenn eine neue Datei gefunden wurde, wird<br>o \u00d6ffnet die Datei (PDF)<br>o Startet den &#8222;Flight Manager&#8220;<br>o Wenn der &#8222;Flight Manager&#8220; noch l\u00e4uft, wird er geschlossen, um den SimBrief Datenimport auszul\u00f6sen<\/li>\n<\/ul>\n<\/div>\n<\/div>\n\n\n\n<h2 class=\"wp-block-heading\">Systemvoraussetzungen<\/h2>\n\n\n\n<ol class=\"wp-block-list\" type=\"1\">\n<li>Registered version of TOPCAT<\/li>\n\n\n\n<li>Freeware \u201cFlight Manager\u201d<\/li>\n\n\n\n<li>SimBrief Downloader<\/li>\n<\/ol>\n\n\n\n<h2 class=\"wp-block-heading\">Download<\/h2>\n\n\n<div class='w3eden'><!-- WPDM Link Template: Default Template -->\n\n<div class=\"link-template-default card mb-2\">\n    <div class=\"card-body\">\n        <div class=\"media\">\n            <div class=\"mr-3 img-48\"><img decoding=\"async\" class=\"wpdm_icon\" alt=\"Icon\"   src=\"https:\/\/aviation.pero-online.de\/wordpress\/wp-content\/plugins\/download-manager\/assets\/file-type-icons\/zip.svg\" \/><\/div>\n            <div class=\"media-body\">\n                <h3 class=\"package-title\"><a href='https:\/\/aviation.pero-online.de\/wordpress\/download\/fm-helper-v1-2\/'>FM-Helper (v1.2)<\/a><\/h3>\n                <div class=\"text-muted text-small\"><i class=\"fas fa-copy\"><\/i> 1 Datei(en) <i class=\"fas fa-hdd ml-3\"><\/i> 0.00 KB<\/div>\n            <\/div>\n            <div class=\"ml-3\">\n                <a class='wpdm-download-link download-on-click btn btn-primary ' rel='nofollow' href='#' data-downloadurl=\"https:\/\/aviation.pero-online.de\/wordpress\/download\/fm-helper-v1-2\/?wpdmdl=4046&refresh=69ea1873889061776949363\">Download<\/a>\n            <\/div>\n        <\/div>\n    <\/div>\n<\/div>\n\n<\/div>\n","protected":false},"excerpt":{"rendered":"<p>Dieses Programm wurde geschrieben, um den Prozess des Datenimports aus SimBrief f\u00fcr TOPCAT weiter zu automatisieren. Es unterst\u00fctzt das Tool von Ramon &#8222;Flight Manager&#8220;, mit dem Daten von SimBrief zu TOPCAT gesendet werden k\u00f6nnen. Es kann auf einem zweiten PC in einer Netzwerkumgebung laufen. Vielen Dank an Pete Fuss f\u00fcr&#8217;s testen! Ohne FM-Helper Mit FM-Helper&hellip;&nbsp;<a href=\"https:\/\/aviation.pero-online.de\/wordpress\/softwareprojects\/fm-helper\/\" rel=\"bookmark\">Weiterlesen &raquo;<span class=\"screen-reader-text\">FM-Helper<\/span><\/a><\/p>\n","protected":false},"author":2,"featured_media":0,"parent":99,"menu_order":0,"comment_status":"closed","ping_status":"closed","template":"","meta":{"_stopmodifiedupdate":false,"_modified_date":"","neve_meta_sidebar":"","neve_meta_container":"","neve_meta_enable_content_width":"","neve_meta_content_width":0,"neve_meta_title_alignment":"","neve_meta_author_avatar":"","neve_post_elements_order":"","neve_meta_disable_header":"","neve_meta_disable_footer":"","neve_meta_disable_title":"","footnotes":""},"class_list":["post-4034","page","type-page","status-publish","hentry"],"_links":{"self":[{"href":"https:\/\/aviation.pero-online.de\/wordpress\/wp-json\/wp\/v2\/pages\/4034","targetHints":{"allow":["GET"]}}],"collection":[{"href":"https:\/\/aviation.pero-online.de\/wordpress\/wp-json\/wp\/v2\/pages"}],"about":[{"href":"https:\/\/aviation.pero-online.de\/wordpress\/wp-json\/wp\/v2\/types\/page"}],"author":[{"embeddable":true,"href":"https:\/\/aviation.pero-online.de\/wordpress\/wp-json\/wp\/v2\/users\/2"}],"replies":[{"embeddable":true,"href":"https:\/\/aviation.pero-online.de\/wordpress\/wp-json\/wp\/v2\/comments?post=4034"}],"version-history":[{"count":0,"href":"https:\/\/aviation.pero-online.de\/wordpress\/wp-json\/wp\/v2\/pages\/4034\/revisions"}],"up":[{"embeddable":true,"href":"https:\/\/aviation.pero-online.de\/wordpress\/wp-json\/wp\/v2\/pages\/99"}],"wp:attachment":[{"href":"https:\/\/aviation.pero-online.de\/wordpress\/wp-json\/wp\/v2\/media?parent=4034"}],"curies":[{"name":"wp","href":"https:\/\/api.w.org\/{rel}","templated":true}]}}