{"id":3889,"date":"2022-11-29T06:05:50","date_gmt":"2022-11-29T05:05:50","guid":{"rendered":"https:\/\/aviation.pero-online.de\/wordpress\/?page_id=3889"},"modified":"2024-11-24T08:33:16","modified_gmt":"2024-11-24T07:33:16","slug":"a320-homecockpit-d-alam-sound","status":"publish","type":"page","link":"https:\/\/aviation.pero-online.de\/wordpress\/flugsimulation\/d-alam\/a320-homecockpit-d-alam-sound\/","title":{"rendered":"A320 Homecockpit (D-ALAM) &#8211; Sound"},"content":{"rendered":"\n<div class=\"wp-block-button\"><a class=\"wp-block-button__link has-cyan-bluish-gray-background-color has-background wp-element-button\" href=\"https:\/\/aviation.pero-online.de\/wordpress\/?page_id=1354\" rel=\"https:\/\/aviation.pero-online.de\/wordpress\/?page_id=1354\">&lt;&lt; zur\u00fcck zur Hauptseite<\/a><\/div>\n\n\n\n<div class=\"wp-block-query is-layout-flow wp-block-query-is-layout-flow\"><ul class=\"columns-3 wp-block-post-template is-layout-grid wp-container-core-post-template-is-layout-2fc57c17 wp-block-post-template-is-layout-grid\"><li class=\"wp-block-post post-3158 post type-post status-publish format-standard hentry category-hardware category-overhead category-shell category-software category-sonstiges category-sound\">\n<h2 class=\"wp-block-post-title\"><a href=\"https:\/\/aviation.pero-online.de\/wordpress\/happy-birthday-d-alam\/\" target=\"_self\" >Happy Birthday D-ALAM!<\/a><\/h2>\n\n<div class=\"wp-block-post-date\"><time datetime=\"2023-10-15T06:00:00+02:00\">15. Oktober 2023<\/time><\/div>\n\n<div class=\"wp-block-post-excerpt\"><p class=\"wp-block-post-excerpt__excerpt\">Am 15.10.2013 habe ich die Teile f\u00fcr das Forward Overhead Panel bei Marcin von Skalarki bestellt. Damit ist mein A320 Homecockpit Projekt nun 10 Jahre alt geworden. Diesen Geburtstag m\u00f6chte ich zum Anlass nehmen, auf diese 10 Jahre zur\u00fcckzuschauen. Overhead selbst l\u00f6ten Wie oben beschrieben, hatte ich die Idee, alles weitestgehend selbst zu l\u00f6ten und&hellip; <\/p><\/div>\n<\/li><li class=\"wp-block-post post-3764 post type-post status-publish format-standard hentry category-sound\">\n<h2 class=\"wp-block-post-title\"><a href=\"https:\/\/aviation.pero-online.de\/wordpress\/kabinen-ansagen-im-homecockpit\/\" target=\"_self\" >Kabinen Ansagen \/ Jumpseat Handset<\/a><\/h2>\n\n<div class=\"wp-block-post-date\"><time datetime=\"2022-11-13T05:24:00+01:00\">13. November 2022<\/time><\/div>\n\n<div class=\"wp-block-post-excerpt\"><p class=\"wp-block-post-excerpt__excerpt\">&#8222;What&#8217;s next&#8220;? Na ja, ein Handfunkger\u00e4t mit dem ich im Cockpit Ansagen f\u00fcr die Kabine machen kann. \u00c4hm ja, das braucht man nun wirklich nicht&#8230; Bestellt wurde ein HA FU 95 bei ebay. Nach dem auseinander schrauben wurde folgende Steckerbelegung klar: Die Kabel &#8222;wei\u00df\/braun&#8220; kommen also direkt vom Mikrofon. Damit ich ein Push-to-Talk realsieren konnte,&hellip; <\/p><\/div>\n<\/li><li class=\"wp-block-post post-3439 post type-post status-publish format-standard hentry category-sound tag-vatsim\">\n<h2 class=\"wp-block-post-title\"><a href=\"https:\/\/aviation.pero-online.de\/wordpress\/achtung-aenderungen-bei-vpilot-und-virtual-audio-cables\/\" target=\"_self\" >Achtung! \u00c4nderungen bei vPilot und Virtual Audio Cables<\/a><\/h2>\n\n<div class=\"wp-block-post-date\"><time datetime=\"2022-02-19T17:47:00+01:00\">19. Februar 2022<\/time><\/div>\n\n<div class=\"wp-block-post-excerpt\"><p class=\"wp-block-post-excerpt__excerpt\">Seit der Version 3.1.0 des vPilot und eine \u00c4nderung am Audiosystem von VATSIM m\u00fcssen die virtuellen Audio Cables in den Bereichen &#8222;Wiedergabe&#8220; und &#8222;Aufnahme&#8220; auf &#8222;16 bit, 48000 Hz&#8220; umgestellt werden. Am besten macht man das, wenn weder vPilot noch JeeHell Intercom laufen. Danke an &#8222;Rainer aka. K\u00e4pt\u2019n Romeo&#8220; f\u00fcr den Hinweis! Auszug aus dem&hellip; <\/p><\/div>\n<\/li><li class=\"wp-block-post post-3226 post type-post status-publish format-standard hentry category-sound\">\n<h2 class=\"wp-block-post-title\"><a href=\"https:\/\/aviation.pero-online.de\/wordpress\/d-alam-bass-shaker-fuer-cockpitsitze\/\" target=\"_self\" >D-ALAM &#8211; Bass Shaker f\u00fcr Cockpitsitze<\/a><\/h2>\n\n<div class=\"wp-block-post-date\"><time datetime=\"2021-12-11T06:33:44+01:00\">11. Dezember 2021<\/time><\/div>\n\n<div class=\"wp-block-post-excerpt\"><p class=\"wp-block-post-excerpt__excerpt\">An dieser Stelle m\u00f6chte ich kurz den Aufbau meines Bass Shakers dokumentieren. Bisher hatte ich diese nur kurz im Sound Artikel erw\u00e4hnt. Ich habe aktuell SimSounds im Einsatz um die Ger\u00e4usche f\u00fcr den Bass Shaker zu produzieren. Die L\u00f6sung einer eigenen Soundkarte f\u00fcr die Bass Shaker hat f\u00fcr mich den Vorteil, dass wirklich nur die&hellip; <\/p><\/div>\n<\/li><li class=\"wp-block-post post-3102 post type-post status-publish format-standard hentry category-sound\">\n<h2 class=\"wp-block-post-title\"><a href=\"https:\/\/aviation.pero-online.de\/wordpress\/d-alam-soundausgabe-auf-andere-soundkarte-umleiten\/\" target=\"_self\" >D-ALAM &#8211; Soundausgabe auf andere Soundkarte umleiten<\/a><\/h2>\n\n<div class=\"wp-block-post-date\"><time datetime=\"2020-12-06T21:26:58+01:00\">6. Dezember 2020<\/time><\/div>\n\n<div class=\"wp-block-post-excerpt\"><p class=\"wp-block-post-excerpt__excerpt\">Leider l\u00e4sst sich bei mancher Software nicht konfigurieren, auf welchem Soundkarten Device der Sound ausgegeben werden soll. In der Vergangenheit konnte man Zusatzsoftware verwenden, die den Sound &#8222;umroutet&#8220;, dieses Feature ist nun aber in Windows integriert und funktioniert prima. Ich nutze es, um den Sound von ProATC X auf mein Soundsetting mit dem Headset und&hellip; <\/p><\/div>\n<\/li><li class=\"wp-block-post post-1559 post type-post status-publish format-standard hentry category-sound tag-gsx\">\n<h2 class=\"wp-block-post-title\"><a href=\"https:\/\/aviation.pero-online.de\/wordpress\/d-alam-sound-und-lautsprecher\/\" target=\"_self\" >D-ALAM &#8211; Sound, Mikrofone und Lautsprecher<\/a><\/h2>\n\n<div class=\"wp-block-post-date\"><time datetime=\"2019-02-10T05:45:26+01:00\">10. Februar 2019<\/time><\/div>\n\n<div class=\"wp-block-post-excerpt\"><p class=\"wp-block-post-excerpt__excerpt\">Der Sound in einem Homecockpit ist eine sehr wichtige Angelegenheit und aus meiner Sicht ma\u00dfgeblich f\u00fcr ein realistisches Fluggef\u00fchl mitverantwortlich. <\/p><\/div>\n<\/li><li class=\"wp-block-post post-1833 post type-post status-publish format-standard hentry category-d-alam category-software category-sound\">\n<h2 class=\"wp-block-post-title\"><a href=\"https:\/\/aviation.pero-online.de\/wordpress\/d-alam-stabmikrofone\/\" target=\"_self\" >D-ALAM &#8211; Stabmikrofone<\/a><\/h2>\n\n<div class=\"wp-block-post-date\"><time datetime=\"2018-11-24T08:53:10+01:00\">24. November 2018<\/time><\/div>\n\n<div class=\"wp-block-post-excerpt\"><p class=\"wp-block-post-excerpt__excerpt\">Nachdem die Cockpit Lautsprecher fertig gestellt wurden, habe ich mich an die Umsetzung der Stabmikrofone f\u00fcr die Captain und Firstoffice Side gemacht. <\/p><\/div>\n<\/li><li class=\"wp-block-post post-1839 post type-post status-publish format-standard hentry category-d-alam category-sound tag-win10\">\n<h2 class=\"wp-block-post-title\"><a href=\"https:\/\/aviation.pero-online.de\/wordpress\/d-alam-geloest-soundquellen-werden-leise-nach-simulatorpause\/\" target=\"_self\" >D-ALAM &#8211; Gel\u00f6st: Soundquellen werden leise nach Simulatorpause<\/a><\/h2>\n\n<div class=\"wp-block-post-date\"><time datetime=\"2018-02-11T05:41:38+01:00\">11. Februar 2018<\/time><\/div>\n\n<div class=\"wp-block-post-excerpt\"><p class=\"wp-block-post-excerpt__excerpt\">Ich habe schon seit einigen Monaten das Problem, dass einige Wiedergabequellen im Wiedergabemixer leiser werden (man sieht dann hellblaue Lautst\u00e4rkeregler), wenn man im Sim &#8222;Pause&#8220; dr\u00fcckt. Nach dem &#8222;Un-Pause&#8220; bleiben z.B. der JeeHell Sound, Coutl (GSX) leise. Hier ist die L\u00f6sung&#8230;\u00a0 <\/p><\/div>\n<\/li><\/ul>\n\n\n\n<\/div>\n","protected":false},"excerpt":{"rendered":"","protected":false},"author":2,"featured_media":0,"parent":1354,"menu_order":0,"comment_status":"closed","ping_status":"closed","template":"","meta":{"_stopmodifiedupdate":false,"_modified_date":"","neve_meta_sidebar":"","neve_meta_container":"","neve_meta_enable_content_width":"","neve_meta_content_width":0,"neve_meta_title_alignment":"","neve_meta_author_avatar":"","neve_post_elements_order":"","neve_meta_disable_header":"","neve_meta_disable_footer":"","neve_meta_disable_title":"","footnotes":""},"class_list":["post-3889","page","type-page","status-publish","hentry"],"_links":{"self":[{"href":"https:\/\/aviation.pero-online.de\/wordpress\/wp-json\/wp\/v2\/pages\/3889","targetHints":{"allow":["GET"]}}],"collection":[{"href":"https:\/\/aviation.pero-online.de\/wordpress\/wp-json\/wp\/v2\/pages"}],"about":[{"href":"https:\/\/aviation.pero-online.de\/wordpress\/wp-json\/wp\/v2\/types\/page"}],"author":[{"embeddable":true,"href":"https:\/\/aviation.pero-online.de\/wordpress\/wp-json\/wp\/v2\/users\/2"}],"replies":[{"embeddable":true,"href":"https:\/\/aviation.pero-online.de\/wordpress\/wp-json\/wp\/v2\/comments?post=3889"}],"version-history":[{"count":0,"href":"https:\/\/aviation.pero-online.de\/wordpress\/wp-json\/wp\/v2\/pages\/3889\/revisions"}],"up":[{"embeddable":true,"href":"https:\/\/aviation.pero-online.de\/wordpress\/wp-json\/wp\/v2\/pages\/1354"}],"wp:attachment":[{"href":"https:\/\/aviation.pero-online.de\/wordpress\/wp-json\/wp\/v2\/media?parent=3889"}],"curies":[{"name":"wp","href":"https:\/\/api.w.org\/{rel}","templated":true}]}}