{"id":3887,"date":"2022-11-29T06:04:14","date_gmt":"2022-11-29T05:04:14","guid":{"rendered":"https:\/\/aviation.pero-online.de\/wordpress\/?page_id=3887"},"modified":"2024-11-24T08:33:51","modified_gmt":"2024-11-24T07:33:51","slug":"a320-homecockpit-d-alam-software","status":"publish","type":"page","link":"https:\/\/aviation.pero-online.de\/wordpress\/flugsimulation\/d-alam\/a320-homecockpit-d-alam-software\/","title":{"rendered":"A320 Homecockpit (D-ALAM) &#8211; Software"},"content":{"rendered":"\n<div class=\"wp-block-button\"><a class=\"wp-block-button__link has-cyan-bluish-gray-background-color has-background wp-element-button\" href=\"https:\/\/aviation.pero-online.de\/wordpress\/?page_id=1354\" rel=\"https:\/\/aviation.pero-online.de\/wordpress\/?page_id=1354\">&lt;&lt; zur\u00fcck zur Hauptseite<\/a><\/div>\n\n\n\n<div class=\"wp-block-query is-layout-flow wp-block-query-is-layout-flow\"><ul class=\"columns-3 wp-block-post-template is-layout-grid wp-container-core-post-template-is-layout-2fc57c17 wp-block-post-template-is-layout-grid\"><li class=\"wp-block-post post-5011 post type-post status-publish format-standard hentry category-software tag-lua-script tag-msfs2020\">\n<h2 class=\"wp-block-post-title\"><a href=\"https:\/\/aviation.pero-online.de\/wordpress\/msfs-2020-und-ploetzlich-ist-die-atc-id-und-atc-airline-weg\/\" target=\"_self\" >MSFS 2020 und pl\u00f6tzlich ist die ATC ID und ATC AIRLINE weg&#8230;<\/a><\/h2>\n\n<div class=\"wp-block-post-date\"><time datetime=\"2025-11-20T19:04:51+01:00\">20. November 2025<\/time><\/div>\n\n<div class=\"wp-block-post-excerpt\"><p class=\"wp-block-post-excerpt__excerpt\">Im WorldFlight habe ich bemerkt, dass die Simulator Variablen f\u00fcr ATC ID und ATC AIRLINE geleert werden, wenn der Simulator die Verbindung zur Microsoft Cloud verliert. Das kann zu \u00e4rgerlichen Effekten f\u00fchren, da ich diese beiden Variablen u.a. f\u00fcr mein DATALOADER Display verwende. Daher habe ich ein kleines LUA Script geschrieben, welches die beiden Variablen&hellip; <\/p><\/div>\n<\/li><li class=\"wp-block-post post-4993 post type-post status-publish format-standard hentry category-software tag-msfs\">\n<h2 class=\"wp-block-post-title\"><a href=\"https:\/\/aviation.pero-online.de\/wordpress\/msfs-layout-json-mit-einem-klick\/\" target=\"_self\" >MSFS layout.json mit einem Klick<\/a><\/h2>\n\n<div class=\"wp-block-post-date\"><time datetime=\"2025-11-08T05:44:41+01:00\">8. November 2025<\/time><\/div>\n\n<div class=\"wp-block-post-excerpt\"><p class=\"wp-block-post-excerpt__excerpt\">Es kommt vor, dass man f\u00fcr ein Add-on die layout.json aktualisieren muss. Daf\u00fcr gibt es eine praktische Freeware (MSFSLayoutGenerator.exe), die das komfortabel erledigt, indem man die vorhandene layout.json einfach auf die EXE zieht. Weil man das nicht st\u00e4ndig macht, war es mir zu umst\u00e4ndlich, jedes Mal die EXE zu suchen und die layout.json dorthin zu&hellip; <\/p><\/div>\n<\/li><li class=\"wp-block-post post-4928 post type-post status-publish format-standard hentry category-software tag-fcom tag-polar\">\n<h2 class=\"wp-block-post-title\"><a href=\"https:\/\/aviation.pero-online.de\/wordpress\/fliegen-in-der-polar-region-grid-track-im-navigation-display-nd\/\" target=\"_self\" >Fliegen in der Polar Region: Grid Track und True Course im ND und PFD<\/a><\/h2>\n\n<div class=\"wp-block-post-date\"><time datetime=\"2025-10-26T16:54:00+01:00\">26. Oktober 2025<\/time><\/div>\n\n<div class=\"wp-block-post-excerpt\"><p class=\"wp-block-post-excerpt__excerpt\">Ich habe das Vergn\u00fcgen im Rahmen des WorldFlight 2025 das Leg von Phoenix Airfield (NZFX) nach Union Glacier (SCGC) zu fliegen. Wer schon einmal in Richtung Nord- oder S\u00fcdpol geflogen ist, egal ob real oder im Simulator, merkt schnell: Der Kompass spielt verr\u00fcckt. In den hohen Breiten wird der magnetische Norden immer unzuverl\u00e4ssiger, weil die&hellip; <\/p><\/div>\n<\/li><li class=\"wp-block-post post-4903 post type-post status-publish format-standard hentry category-software tag-gsx tag-msfs2020\">\n<h2 class=\"wp-block-post-title\"><a href=\"https:\/\/aviation.pero-online.de\/wordpress\/empfehlung-gsxmanager\/\" target=\"_self\" >Empfehlung: GSXManager<\/a><\/h2>\n\n<div class=\"wp-block-post-date\"><time datetime=\"2025-10-04T21:05:00+02:00\">4. Oktober 2025<\/time><\/div>\n\n<div class=\"wp-block-post-excerpt\"><p class=\"wp-block-post-excerpt__excerpt\">Ich vermisse im MSFS immer wieder meinen SIMstarter NG P3D, denn auch der MSFS hat Dinge, die man automatisieren m\u00f6chte. Zuletzt h\u00e4tte ich gerne ein Tool zur Validierung meiner GSX Profile. Kein Problem f\u00fcr den SIMstarter&#8230; F\u00fcr den MSFS habe ich das Tool &#8222;GSXManager&#8220; gefunden und f\u00fcr gut befunden. Es leistet: Keine Installation, sondern einfach&hellip; <\/p><\/div>\n<\/li><li class=\"wp-block-post post-4896 post type-post status-publish format-standard hentry category-software category-sonstiges tag-msfs2020 tag-p3dv5-3 tag-sven-mod\">\n<h2 class=\"wp-block-post-title\"><a href=\"https:\/\/aviation.pero-online.de\/wordpress\/ein-jahr-jeehell-mit-dem-msfs2020-mein-fazit\/\" target=\"_self\" >Ein Jahr JeeHell mit dem MSFS2020 &#8211; mein Fazit<\/a><\/h2>\n\n<div class=\"wp-block-post-date\"><time datetime=\"2025-09-14T07:40:02+02:00\">14. September 2025<\/time><\/div>\n\n<div class=\"wp-block-post-excerpt\"><p class=\"wp-block-post-excerpt__excerpt\">Es ist nun fast ein Jahr her, dass ich den MSFS 2020 auf meinem Simulator-Rechner installiert und aktiv genutzt habe. Heute m\u00f6chte ich mit euch mein Fazit sowie die Vor- und Nachteile teilen. Damit der MSFS 2020 oder 2024 \u00fcberhaupt mit JeeHell nutzbar ist, braucht man das \u201eSven MOD\u201c. Entwickler Sven hat mit gro\u00dfem Engagement&hellip; <\/p><\/div>\n<\/li><li class=\"wp-block-post post-4885 post type-post status-publish format-standard hentry category-software tag-msfs2020\">\n<h2 class=\"wp-block-post-title\"><a href=\"https:\/\/aviation.pero-online.de\/wordpress\/aircraft-registration-ausblenden\/\" target=\"_self\" >Aircraft Registration ausblenden<\/a><\/h2>\n\n<div class=\"wp-block-post-date\"><time datetime=\"2025-05-14T11:13:39+02:00\">14. Mai 2025<\/time><\/div>\n\n<div class=\"wp-block-post-excerpt\"><p class=\"wp-block-post-excerpt__excerpt\">Im MSFS2020 wird die Aircraft Registration im Au\u00dfenmodell angezeigt. Das sieht nat\u00fcrlich sehr bescheiden aus. Die L\u00f6sung habe ich im Netz gefunden. Eintrag in der panel.cfg: ersetzen durch <\/p><\/div>\n<\/li><li class=\"wp-block-post post-4876 post type-post status-publish format-standard hentry category-software tag-msfs tag-sven-mod\">\n<h2 class=\"wp-block-post-title\"><a href=\"https:\/\/aviation.pero-online.de\/wordpress\/update-fuer-perolights-und-dem-sven-mod\/\" target=\"_self\" >Update f\u00fcr peroLights und dem Sven MOD<\/a><\/h2>\n\n<div class=\"wp-block-post-date\"><time datetime=\"2025-04-10T19:10:06+02:00\">10. April 2025<\/time><\/div>\n\n<div class=\"wp-block-post-excerpt\"><p class=\"wp-block-post-excerpt__excerpt\">Ich habe vor einiger Zeit ein LUA Script programmiert, dass die Lichter des A320 im MSFS richtig steuert. Bisher gab es mit dem Sven MOD Um TAXI TO zu schalten, hatte ich vorgesehen, dass man zwei Tasten konfiguriert. Allerdings gibt es Setups, in denen ein Keypress nicht m\u00f6glich ist. Also habe ich mein Script so&hellip; <\/p><\/div>\n<\/li><li class=\"wp-block-post post-4862 post type-post status-publish format-standard hentry category-software tag-msfs tag-scenery\">\n<h2 class=\"wp-block-post-title\"><a href=\"https:\/\/aviation.pero-online.de\/wordpress\/empfehlung-where2fly-today\/\" target=\"_self\" >Empfehlung: where2fly.today<\/a><\/h2>\n\n<div class=\"wp-block-post-date\"><time datetime=\"2025-04-07T04:47:52+02:00\">7. April 2025<\/time><\/div>\n\n<div class=\"wp-block-post-excerpt\"><p class=\"wp-block-post-excerpt__excerpt\">Wie ist Euer Workflow, wenn Ihr ein passendes Leg f\u00fcr Euren Flug sucht? Ich habe mir mit meinem Tool eine Karte in UMAP erstellt und schaue dann nach installierten Payware, Freeware oder Handcrafted Airports, merke mir die Verbindung und gehe zu SimBrief zur Planung. Hier kommt where2fly.today ins Spiel: Eine Website, die Flugverbindungen sucht und&hellip; <\/p><\/div>\n<\/li><li class=\"wp-block-post post-4852 post type-post status-publish format-standard hentry category-software tag-jeehell-fmgs tag-msfs tag-msfs2020 tag-sven-mod\">\n<h2 class=\"wp-block-post-title\"><a href=\"https:\/\/aviation.pero-online.de\/wordpress\/copilot-im-jeehell-homecockpit-perojeehellpnf\/\" target=\"_self\" >Copilot im JeeHell Homecockpit &#8211; peroJeeHellPNF<\/a><\/h2>\n\n<div class=\"wp-block-post-date\"><time datetime=\"2025-03-22T05:59:02+01:00\">22. M\u00e4rz 2025<\/time><\/div>\n\n<div class=\"wp-block-post-excerpt\"><p class=\"wp-block-post-excerpt__excerpt\">Jetzt fliege ich schon in einem wunderbaren A320 Dual Seat Homecockpit, allerdings bleibt der rechte Sitz sehr oft leer und ich drehe allein (oder mit Freunden \u00fcber Discord) meine Runden auf VATSIM. Dabei hat der PNF wichtige Aufgaben: F\u00fcr PREPAR3D hatte ich ein LUA Script, dass neben den Kabinenansagen auch Callouts des Pilot Not Flying&hellip; <\/p><\/div>\n<\/li><li class=\"wp-block-post post-4849 post type-post status-publish format-standard hentry category-software tag-msfs2020 tag-sven-mod tag-wetter\">\n<h2 class=\"wp-block-post-title\"><a href=\"https:\/\/aviation.pero-online.de\/wordpress\/shake-it-realturb\/\" target=\"_self\" >Shake it &#8211; RealTurb<\/a><\/h2>\n\n<div class=\"wp-block-post-date\"><time datetime=\"2025-01-22T05:12:30+01:00\">22. Januar 2025<\/time><\/div>\n\n<div class=\"wp-block-post-excerpt\"><p class=\"wp-block-post-excerpt__excerpt\">Seit einigen Monaten nutze ich jetzt den MSFS 2020 und bin sehr zufrieden. Mein System l\u00e4uft stabil und ich genie\u00dfe es, in Regionen zu fliegen, die ich vorher noch nie besucht habe. Allerdings hat es mich gest\u00f6rt, dass mein A320 wie auf Schienen fliegt. Obwohl ich die Turbulenzen im MSFS auf &#8222;Realistisch&#8220; eingestellt hatte, bewegte&hellip; <\/p><\/div>\n<\/li><li class=\"wp-block-post post-4833 post type-post status-publish format-standard hentry category-software tag-msfs2020 tag-sven-mod\">\n<h2 class=\"wp-block-post-title\"><a href=\"https:\/\/aviation.pero-online.de\/wordpress\/akkurates-navdata-mit-jeehell-sven-mod\/\" target=\"_self\" >Akkurates NAVDATA mit JeeHell Sven Mod<\/a><\/h2>\n\n<div class=\"wp-block-post-date\"><time datetime=\"2024-12-19T11:42:43+01:00\">19. Dezember 2024<\/time><\/div>\n\n<div class=\"wp-block-post-excerpt\"><p class=\"wp-block-post-excerpt__excerpt\">Einleitung Aktuell muss man das NAVDATA Update in der bestehenden PREPAR3D Umgebung machen und in die Instanz vom Sven MOD f\u00fcr MSFS kopieren. Das klappt soweit. Herausforderung ist, dass z.B. die Navigationsdaten z.B. f\u00fcr das ILS aus den Daten des P3D bestehen. Nehmen wir Dublin (ICAO: EIDW) als Beispiel: dort gibt es in der Payware&hellip; <\/p><\/div>\n<\/li><li class=\"wp-block-post post-4785 post type-post status-publish format-standard hentry category-software tag-msfs\">\n<h2 class=\"wp-block-post-title\"><a href=\"https:\/\/aviation.pero-online.de\/wordpress\/pero-vraas-overlay-veroeffentlicht\/\" target=\"_self\" >pero vRAAS Overlay ver\u00f6ffentlicht<\/a><\/h2>\n\n<div class=\"wp-block-post-date\"><time datetime=\"2024-11-24T18:01:00+01:00\">24. November 2024<\/time><\/div>\n\n<div class=\"wp-block-post-excerpt\"><p class=\"wp-block-post-excerpt__excerpt\">Ich habe ein Overlay f\u00fcr vRAAS im MSFS programmiert. Damit k\u00f6nnen RAAS Nachrichten auch im Homecockpit angezeigt werden. \u00dcbersicht Diese Anwendung dient als Overlay zur Integration von vRAAS in Home-Cockpit-Umgebungen wie JeeHell FMGS und ProSim. Sie kann sowohl f\u00fcr die Positionen des Kapit\u00e4ns als auch des Ersten Offiziers gestartet werden und nutzt SimConnect als Schnittstelle&hellip; <\/p><\/div>\n<\/li><\/ul>\n\n<nav class=\"wp-block-query-pagination is-layout-flex wp-block-query-pagination-is-layout-flex\" aria-label=\"Seitennummerierung\">\n\n\n<div class=\"wp-block-query-pagination-numbers\"><span aria-current=\"page\" class=\"page-numbers current\">1<\/span>\n<a class=\"page-numbers\" href=\"?query-1-page=2\">2<\/a>\n<a class=\"page-numbers\" href=\"?query-1-page=3\">3<\/a>\n<span class=\"page-numbers dots\">&hellip;<\/span>\n<a class=\"page-numbers\" href=\"?query-1-page=6\">6<\/a><\/div>\n\n<a href=\"\/wordpress\/wp-json\/wp\/v2\/pages\/3887?query-1-page=2\" class=\"wp-block-query-pagination-next\">N\u00e4chste Seite<\/a>\n<\/nav>\n\n<\/div>\n","protected":false},"excerpt":{"rendered":"","protected":false},"author":2,"featured_media":0,"parent":1354,"menu_order":0,"comment_status":"closed","ping_status":"closed","template":"","meta":{"_stopmodifiedupdate":false,"_modified_date":"","neve_meta_sidebar":"","neve_meta_container":"","neve_meta_enable_content_width":"","neve_meta_content_width":0,"neve_meta_title_alignment":"","neve_meta_author_avatar":"","neve_post_elements_order":"","neve_meta_disable_header":"","neve_meta_disable_footer":"","neve_meta_disable_title":"","footnotes":""},"class_list":["post-3887","page","type-page","status-publish","hentry"],"_links":{"self":[{"href":"https:\/\/aviation.pero-online.de\/wordpress\/wp-json\/wp\/v2\/pages\/3887","targetHints":{"allow":["GET"]}}],"collection":[{"href":"https:\/\/aviation.pero-online.de\/wordpress\/wp-json\/wp\/v2\/pages"}],"about":[{"href":"https:\/\/aviation.pero-online.de\/wordpress\/wp-json\/wp\/v2\/types\/page"}],"author":[{"embeddable":true,"href":"https:\/\/aviation.pero-online.de\/wordpress\/wp-json\/wp\/v2\/users\/2"}],"replies":[{"embeddable":true,"href":"https:\/\/aviation.pero-online.de\/wordpress\/wp-json\/wp\/v2\/comments?post=3887"}],"version-history":[{"count":0,"href":"https:\/\/aviation.pero-online.de\/wordpress\/wp-json\/wp\/v2\/pages\/3887\/revisions"}],"up":[{"embeddable":true,"href":"https:\/\/aviation.pero-online.de\/wordpress\/wp-json\/wp\/v2\/pages\/1354"}],"wp:attachment":[{"href":"https:\/\/aviation.pero-online.de\/wordpress\/wp-json\/wp\/v2\/media?parent=3887"}],"curies":[{"name":"wp","href":"https:\/\/api.w.org\/{rel}","templated":true}]}}