{"id":3885,"date":"2022-11-29T06:02:59","date_gmt":"2022-11-29T05:02:59","guid":{"rendered":"https:\/\/aviation.pero-online.de\/wordpress\/?page_id=3885"},"modified":"2024-11-24T08:38:43","modified_gmt":"2024-11-24T07:38:43","slug":"a320-homecockpit-d-alam-overhead","status":"publish","type":"page","link":"https:\/\/aviation.pero-online.de\/wordpress\/flugsimulation\/d-alam\/a320-homecockpit-d-alam-overhead\/","title":{"rendered":"A320 Homecockpit (D-ALAM) &#8211; Overhead"},"content":{"rendered":"\n<div class=\"wp-block-button\"><a class=\"wp-block-button__link has-cyan-bluish-gray-background-color has-background wp-element-button\" href=\"https:\/\/aviation.pero-online.de\/wordpress\/?page_id=1354\" rel=\"https:\/\/aviation.pero-online.de\/wordpress\/?page_id=1354\">&lt;&lt; zur\u00fcck zur Hauptseite<\/a><\/div>\n\n\n\n<div class=\"wp-block-query is-layout-flow wp-block-query-is-layout-flow\"><ul class=\"columns-3 wp-block-post-template is-layout-grid wp-container-core-post-template-is-layout-2fc57c17 wp-block-post-template-is-layout-grid\"><li class=\"wp-block-post post-3158 post type-post status-publish format-standard hentry category-hardware category-overhead category-shell category-software category-sonstiges category-sound\">\n<h2 class=\"wp-block-post-title\"><a href=\"https:\/\/aviation.pero-online.de\/wordpress\/happy-birthday-d-alam\/\" target=\"_self\" >Happy Birthday D-ALAM!<\/a><\/h2>\n\n<div class=\"wp-block-post-date\"><time datetime=\"2023-10-15T06:00:00+02:00\">15. Oktober 2023<\/time><\/div>\n\n<div class=\"wp-block-post-excerpt\"><p class=\"wp-block-post-excerpt__excerpt\">Am 15.10.2013 habe ich die Teile f\u00fcr das Forward Overhead Panel bei Marcin von Skalarki bestellt. Damit ist mein A320 Homecockpit Projekt nun 10 Jahre alt geworden. Diesen Geburtstag m\u00f6chte ich zum Anlass nehmen, auf diese 10 Jahre zur\u00fcckzuschauen. Overhead selbst l\u00f6ten Wie oben beschrieben, hatte ich die Idee, alles weitestgehend selbst zu l\u00f6ten und&hellip; <\/p><\/div>\n<\/li><li class=\"wp-block-post post-1546 post type-post status-publish format-standard hentry category-d-alam category-overhead\">\n<h2 class=\"wp-block-post-title\"><a href=\"https:\/\/aviation.pero-online.de\/wordpress\/d-alam-beleuchtung-overhead\/\" target=\"_self\" >D-ALAM &#8211; Beleuchtung Overhead<\/a><\/h2>\n\n<div class=\"wp-block-post-date\"><time datetime=\"2017-03-20T06:49:11+01:00\">20. M\u00e4rz 2017<\/time><\/div>\n\n<div class=\"wp-block-post-excerpt\"><p class=\"wp-block-post-excerpt__excerpt\">Ich habe nur das FWD Overhead im Einsatz. Gekauft habe ich die Panels bei Skalarki zu einer Zeit, zu der man die Korrys noch einzeln bestellen konnte und dann auch l\u00f6ten durfte. Was ein Spa\u00df&#8230; Daher habe ich &#8222;ab Werk&#8220; auch keine Hintergrundbeleuchtung f\u00fcr das Panel. Gel\u00f6st habe ich die Beleuchtung mit Plexiglas Platten und&hellip; <\/p><\/div>\n<\/li><li class=\"wp-block-post post-1373 post type-post status-publish format-standard hentry category-d-alam category-overhead\">\n<h2 class=\"wp-block-post-title\"><a href=\"https:\/\/aviation.pero-online.de\/wordpress\/d-alam-loesung-fuer-dome-light\/\" target=\"_self\" >D-ALAM &#8211; L\u00f6sung f\u00fcr Dome und CONSOLE\/FLOOR Lights<\/a><\/h2>\n\n<div class=\"wp-block-post-date\"><time datetime=\"2016-12-29T07:59:41+01:00\">29. Dezember 2016<\/time><\/div>\n\n<div class=\"wp-block-post-excerpt\"><p class=\"wp-block-post-excerpt__excerpt\">Der Dome Light Switch und die CONSOLE\/FLOOR Lights im Cockpit stellten aus meiner Sicht eine besondere Herausforderung dar, da hier ON-OFF-ON Kippschalter verbaut sind aber OFF-ON-ON geschalten soll. <\/p><\/div>\n<\/li><\/ul>\n\n\n\n<\/div>\n","protected":false},"excerpt":{"rendered":"","protected":false},"author":2,"featured_media":0,"parent":1354,"menu_order":0,"comment_status":"closed","ping_status":"closed","template":"","meta":{"_stopmodifiedupdate":false,"_modified_date":"","neve_meta_sidebar":"","neve_meta_container":"","neve_meta_enable_content_width":"","neve_meta_content_width":0,"neve_meta_title_alignment":"","neve_meta_author_avatar":"","neve_post_elements_order":"","neve_meta_disable_header":"","neve_meta_disable_footer":"","neve_meta_disable_title":"","footnotes":""},"class_list":["post-3885","page","type-page","status-publish","hentry"],"_links":{"self":[{"href":"https:\/\/aviation.pero-online.de\/wordpress\/wp-json\/wp\/v2\/pages\/3885","targetHints":{"allow":["GET"]}}],"collection":[{"href":"https:\/\/aviation.pero-online.de\/wordpress\/wp-json\/wp\/v2\/pages"}],"about":[{"href":"https:\/\/aviation.pero-online.de\/wordpress\/wp-json\/wp\/v2\/types\/page"}],"author":[{"embeddable":true,"href":"https:\/\/aviation.pero-online.de\/wordpress\/wp-json\/wp\/v2\/users\/2"}],"replies":[{"embeddable":true,"href":"https:\/\/aviation.pero-online.de\/wordpress\/wp-json\/wp\/v2\/comments?post=3885"}],"version-history":[{"count":0,"href":"https:\/\/aviation.pero-online.de\/wordpress\/wp-json\/wp\/v2\/pages\/3885\/revisions"}],"up":[{"embeddable":true,"href":"https:\/\/aviation.pero-online.de\/wordpress\/wp-json\/wp\/v2\/pages\/1354"}],"wp:attachment":[{"href":"https:\/\/aviation.pero-online.de\/wordpress\/wp-json\/wp\/v2\/media?parent=3885"}],"curies":[{"name":"wp","href":"https:\/\/api.w.org\/{rel}","templated":true}]}}