{"id":3880,"date":"2022-11-29T05:56:09","date_gmt":"2022-11-29T04:56:09","guid":{"rendered":"https:\/\/aviation.pero-online.de\/wordpress\/?page_id=3880"},"modified":"2024-11-24T08:34:54","modified_gmt":"2024-11-24T07:34:54","slug":"a320-homecockpit-shell","status":"publish","type":"page","link":"https:\/\/aviation.pero-online.de\/wordpress\/flugsimulation\/d-alam\/a320-homecockpit-shell\/","title":{"rendered":"A320 Homecockpit (D-ALAM) &#8211; Shell"},"content":{"rendered":"\n<div class=\"wp-block-button\"><a class=\"wp-block-button__link has-cyan-bluish-gray-background-color has-background wp-element-button\" href=\"https:\/\/aviation.pero-online.de\/wordpress\/?page_id=1354\" rel=\"https:\/\/aviation.pero-online.de\/wordpress\/?page_id=1354\">&lt;&lt; zur\u00fcck zur Hauptseite<\/a><\/div>\n\n\n\n<div class=\"wp-block-query is-layout-flow wp-block-query-is-layout-flow\"><ul class=\"columns-3 wp-block-post-template is-layout-grid wp-container-core-post-template-is-layout-2fc57c17 wp-block-post-template-is-layout-grid\"><li class=\"wp-block-post post-4868 post type-post status-publish format-standard hentry category-shell tag-d-alam tag-sitze\">\n<h2 class=\"wp-block-post-title\"><a href=\"https:\/\/aviation.pero-online.de\/wordpress\/verbesserung-fuer-die-armlehnen\/\" target=\"_self\" >Verbesserung f\u00fcr die Armlehnen<\/a><\/h2>\n\n<div class=\"wp-block-post-excerpt\"><p class=\"wp-block-post-excerpt__excerpt\">Meine Armlehnen sind jetzt fast ein 1,5 Jahre alt und machen einen tollen Job. Ich will sie nicht mehr missen. Sie haben kaum Spiel an der Achse, was vermutlich durch die Stahlh\u00fclse beg\u00fcnstigt wird, in der die Schraube dreht. Allerdings waren die Armlehnen mittlerweile so lose, dass sie aus der aufgestellten Position immer wieder in&hellip; <\/p><\/div>\n<\/li><li class=\"wp-block-post post-4498 post type-post status-publish format-standard hentry category-shell tag-cockpit\">\n<h2 class=\"wp-block-post-title\"><a href=\"https:\/\/aviation.pero-online.de\/wordpress\/d-alam-dokumentenablage-pedestal\/\" target=\"_self\" >D-ALAM &#8211; Dokumentenablage Pedestal<\/a><\/h2>\n\n<div class=\"wp-block-post-excerpt\"><p class=\"wp-block-post-excerpt__excerpt\">Fusion 360 hat mich motiviert, die Dokumentenablage am Pedestal zu konstruieren. Jetzt hat auch die Checkliste einen guten Platz im Cockpit gefunden. Mir war wichtig, dass die Dokumentenablage nicht \u00fcber den Rand am Pedestal hervorragt. Der Rand ragt 12mm \u00fcber. Details zum Bau <\/p><\/div>\n<\/li><li class=\"wp-block-post post-4380 post type-post status-publish format-standard hentry category-shell tag-d-alam\">\n<h2 class=\"wp-block-post-title\"><a href=\"https:\/\/aviation.pero-online.de\/wordpress\/d-alam-armlehnen\/\" target=\"_self\" >D-ALAM \u2013\u00a0Armlehnen<\/a><\/h2>\n\n<div class=\"wp-block-post-excerpt\"><p class=\"wp-block-post-excerpt__excerpt\">Das What&#8217;s Next Syndrom hat mich schon wieder infiziert, obwohl ich doch eigentlich geimpft bin. Na, wie auch immer. Inspiriert von den Armlehnen von Captain Mike Delta, habe ich dieses Projekt \u00fcber die Ferien in Angriff genommen. Meine Anforderungen an die Lehnen: Ich habe nicht viele Bauprojekte gefunden, die bereits Armlehnen realisiert haben. F\u00fcndig bin&hellip; <\/p><\/div>\n<\/li><li class=\"wp-block-post post-3158 post type-post status-publish format-standard hentry category-hardware category-overhead category-shell category-software category-sonstiges category-sound\">\n<h2 class=\"wp-block-post-title\"><a href=\"https:\/\/aviation.pero-online.de\/wordpress\/happy-birthday-d-alam\/\" target=\"_self\" >Happy Birthday D-ALAM!<\/a><\/h2>\n\n<div class=\"wp-block-post-excerpt\"><p class=\"wp-block-post-excerpt__excerpt\">Am 15.10.2013 habe ich die Teile f\u00fcr das Forward Overhead Panel bei Marcin von Skalarki bestellt. Damit ist mein A320 Homecockpit Projekt nun 10 Jahre alt geworden. Diesen Geburtstag m\u00f6chte ich zum Anlass nehmen, auf diese 10 Jahre zur\u00fcckzuschauen. Overhead selbst l\u00f6ten Wie oben beschrieben, hatte ich die Idee, alles weitestgehend selbst zu l\u00f6ten und&hellip; <\/p><\/div>\n<\/li><li class=\"wp-block-post post-3975 post type-post status-publish format-standard hentry category-shell tag-cockpit tag-p3dv5-3\">\n<h2 class=\"wp-block-post-title\"><a href=\"https:\/\/aviation.pero-online.de\/wordpress\/umschalten-der-frontansicht-bei-einer-leinwand\/\" target=\"_self\" >Umschalten der Frontansicht bei einer Leinwand<\/a><\/h2>\n\n<div class=\"wp-block-post-excerpt\"><p class=\"wp-block-post-excerpt__excerpt\">Danke an Daniel, der mich darauf angesprochen hat, dass er ein \u00e4hnliches Setup in seinem Simulator betreibt. Allerdings hat ihm der Blickwinkel nicht gefallen, wenn man auf dem linken oder rechten Sitz als Pilot in Command (PIC) Platz genommen hat. Kurzerhand hat er ein paar Kameraeinstellungen angepasst, die wir hier f\u00fcr Euch vorstellen wollen. Ich&hellip; <\/p><\/div>\n<\/li><li class=\"wp-block-post post-2980 post type-post status-publish format-standard hentry category-shell tag-cockpit\">\n<h2 class=\"wp-block-post-title\"><a href=\"https:\/\/aviation.pero-online.de\/wordpress\/d-alam-wichtiges-hilfsmittel\/\" target=\"_self\" >D-ALAM &#8211; Wichtiges Hilfsmittel!<\/a><\/h2>\n\n<div class=\"wp-block-post-excerpt\"><p class=\"wp-block-post-excerpt__excerpt\">Was nat\u00fcrlich in keinem professionellen Flugsimulator fehlen darf, ist ein ordentlicher Getr\u00e4nkehalter. Leider verf\u00fcgte mein D-ALAM bis vor wenigen Stunden noch nicht \u00fcber dieses Key-Feature. Danke an Michael f\u00fcr dieses Geschenk! Ich hatte verschiedene Einbaupositionen ausprobiert und mich am Ende dann \u00fcber den Platz am Pedestal entschieden. Hoffen wir mal, dass beim vor holen der&hellip; <\/p><\/div>\n<\/li><li class=\"wp-block-post post-2964 post type-post status-publish format-standard hentry category-shell tag-cockpit\">\n<h2 class=\"wp-block-post-title\"><a href=\"https:\/\/aviation.pero-online.de\/wordpress\/d-alam-atc-notizzettel-und-stifthalter\/\" target=\"_self\" >D-ALAM &#8211; ATC Notizzettel und Stifthalter<\/a><\/h2>\n\n<div class=\"wp-block-post-excerpt\"><p class=\"wp-block-post-excerpt__excerpt\">Da ich viel auf VATSIM fliege und ich immer wieder Probleme hatte, die ATC Kommunikation richtig zu merken, hat mich Michael (http:\/\/www.kellair.net) motiviert, seinen ausgefeilten Notizzettel zu nutzen. Da ich das Wetter und ATIS aus meinem Pedestaldrucker bekommt, habe ich das Blatt leicht modifiziert. Die Zettel klemmen im Oberteil von einem Klemmbrett und ich kann&hellip; <\/p><\/div>\n<\/li><li class=\"wp-block-post post-2565 post type-post status-publish format-standard hentry category-hardware category-shell tag-cockpit tag-p3dv5-3\">\n<h2 class=\"wp-block-post-title\"><a href=\"https:\/\/aviation.pero-online.de\/wordpress\/d-alam-icing-indicator\/\" target=\"_self\" >D-ALAM &#8211; Icing Indicator<\/a><\/h2>\n\n<div class=\"wp-block-post-excerpt\"><p class=\"wp-block-post-excerpt__excerpt\">Jetzt wo uns der Winter fast erreicht hat, habe ich \u00fcberlegt, wie ich den \u00e4u\u00dferen Icing Indicator simulieren kann. Mein Script zeigt ja bereits einen %-Wert &#8222;Structual icing&#8220; an, aber ich wollte einen \u00e4u\u00dferen Indicator. <\/p><\/div>\n<\/li><li class=\"wp-block-post post-2461 post type-post status-publish format-standard hentry category-hardware category-shell tag-cockpit\">\n<h2 class=\"wp-block-post-title\"><a href=\"https:\/\/aviation.pero-online.de\/wordpress\/d-alam-rudder-pedals\/\" target=\"_self\" >D-ALAM &#8211; Rudder Pedals<\/a><\/h2>\n\n<div class=\"wp-block-post-excerpt\"><p class=\"wp-block-post-excerpt__excerpt\">Ich habe mit Hilfe von einigen Fotos eine Idee entwickelt, wie der Dummy aussehen soll. Dabei will ich das Rudder Pedal nicht kaputt machen, sondern nur eine Dummy drauf bauen. <\/p><\/div>\n<\/li><li class=\"wp-block-post post-2436 post type-post status-publish format-standard hentry category-hardware category-shell tag-cockpit\">\n<h2 class=\"wp-block-post-title\"><a href=\"https:\/\/aviation.pero-online.de\/wordpress\/d-alam-reading-lights\/\" target=\"_self\" >D-ALAM &#8211; Table\/Reading Lights<\/a><\/h2>\n\n<div class=\"wp-block-post-excerpt\"><p class=\"wp-block-post-excerpt__excerpt\">Ich m\u00f6chte Euch heute meine frisch verbauten Reading Lights f\u00fcr CP und FO vorstellen. Danke an Karl, der sich auf die Suche nach den Original ma\u00dfen gemacht hat und diese dann in Solid Works f\u00fcr den 3D Drucker nachgebaut. Wer sie nachdrucken will, findet das Geh\u00e4use hier und den Dimmerknob hier. Ich habe dann je&hellip; <\/p><\/div>\n<\/li><li class=\"wp-block-post post-1467 post type-post status-publish format-standard hentry category-d-alam category-shell tag-cockpit\">\n<h2 class=\"wp-block-post-title\"><a href=\"https:\/\/aviation.pero-online.de\/wordpress\/d-alam-sitzverstellung\/\" target=\"_self\" >D-ALAM &#8211; Sitzverstellung<\/a><\/h2>\n\n<div class=\"wp-block-post-excerpt\"><p class=\"wp-block-post-excerpt__excerpt\">Update 24.02.2019: Da der Sitz nach vorne kippen kann, habe ich eine M8 Gewindeschraube hinzugef\u00fcgt, die in einer innenliegenden Aluschiene l\u00e4uft und das kippen verhindert. Update 22.09.2018: Die Rollen mussten nach gut 2 Jahren Benutzung auf beiden Seiten ersetzt werden (siehe unten). Freundlicher Weise hat mir das Autohaus M\u00fcller in Mittelfischach&nbsp;zwei Autositze aus einem Opel&hellip; <\/p><\/div>\n<\/li><li class=\"wp-block-post post-1984 post type-post status-publish format-standard hentry category-d-alam category-shell tag-cockpit\">\n<h2 class=\"wp-block-post-title\"><a href=\"https:\/\/aviation.pero-online.de\/wordpress\/d-alam-bau-der-cockpitbelueftung\/\" target=\"_self\" >D-ALAM &#8211; Bau der Cockpitbel\u00fcftung<\/a><\/h2>\n\n<div class=\"wp-block-post-excerpt\"><p class=\"wp-block-post-excerpt__excerpt\">Update 04.08.2018: Der Kippschalter sollte auf dem + Pol der Schaltung liegen, damit man die L\u00fcfter ausschalten kann. Auch mein Cockpit soll eine Bel\u00fcftung erhalten. Realisieren werde ich es mit 12V PWM L\u00fcfter und einem Arduino Board. <\/p><\/div>\n<\/li><\/ul>\n\n<nav class=\"wp-block-query-pagination is-layout-flex wp-block-query-pagination-is-layout-flex\" aria-label=\"Seitennummerierung\">\n\n\n<div class=\"wp-block-query-pagination-numbers\"><span aria-current=\"page\" class=\"page-numbers current\">1<\/span>\n<a class=\"page-numbers\" href=\"?query-0-page=2\">2<\/a><\/div>\n\n<a href=\"\/wordpress\/wp-json\/wp\/v2\/pages\/3880?query-0-page=2\" class=\"wp-block-query-pagination-next\">N\u00e4chste Seite<\/a>\n<\/nav>\n\n<\/div>\n","protected":false},"excerpt":{"rendered":"","protected":false},"author":2,"featured_media":0,"parent":1354,"menu_order":0,"comment_status":"closed","ping_status":"closed","template":"","meta":{"_stopmodifiedupdate":false,"_modified_date":"","neve_meta_sidebar":"","neve_meta_container":"","neve_meta_enable_content_width":"","neve_meta_content_width":0,"neve_meta_title_alignment":"","neve_meta_author_avatar":"","neve_post_elements_order":"","neve_meta_disable_header":"","neve_meta_disable_footer":"","neve_meta_disable_title":"","footnotes":""},"class_list":["post-3880","page","type-page","status-publish","hentry"],"_links":{"self":[{"href":"https:\/\/aviation.pero-online.de\/wordpress\/wp-json\/wp\/v2\/pages\/3880","targetHints":{"allow":["GET"]}}],"collection":[{"href":"https:\/\/aviation.pero-online.de\/wordpress\/wp-json\/wp\/v2\/pages"}],"about":[{"href":"https:\/\/aviation.pero-online.de\/wordpress\/wp-json\/wp\/v2\/types\/page"}],"author":[{"embeddable":true,"href":"https:\/\/aviation.pero-online.de\/wordpress\/wp-json\/wp\/v2\/users\/2"}],"replies":[{"embeddable":true,"href":"https:\/\/aviation.pero-online.de\/wordpress\/wp-json\/wp\/v2\/comments?post=3880"}],"version-history":[{"count":0,"href":"https:\/\/aviation.pero-online.de\/wordpress\/wp-json\/wp\/v2\/pages\/3880\/revisions"}],"up":[{"embeddable":true,"href":"https:\/\/aviation.pero-online.de\/wordpress\/wp-json\/wp\/v2\/pages\/1354"}],"wp:attachment":[{"href":"https:\/\/aviation.pero-online.de\/wordpress\/wp-json\/wp\/v2\/media?parent=3880"}],"curies":[{"name":"wp","href":"https:\/\/api.w.org\/{rel}","templated":true}]}}