{"id":3255,"date":"2023-08-30T06:02:52","date_gmt":"2023-08-30T05:02:52","guid":{"rendered":"https:\/\/aviation.pero-online.de\/wordpress\/?page_id=3255"},"modified":"2025-10-15T09:59:42","modified_gmt":"2025-10-15T07:59:42","slug":"worldflight","status":"publish","type":"page","link":"https:\/\/aviation.pero-online.de\/wordpress\/worldflight\/","title":{"rendered":"VATSIM WorldFlight Spendenprojekt"},"content":{"rendered":"\n<div style=\"text-align:left\" class=\"wp-block-fruitful-blocks-fruitful-alert ff fruitful_alert ff-alert-info ff-id-block-f2e1dd2c-1dee-4ad4-a86c-8770c07b9f08\"><i class=\"ff-icon\"><\/i><div>Letzte Aktualisierung: 15.10.2025<\/div><a href=\"#\" class=\"ff-alert-dismiss\"><\/a><\/div>\n\n\n<div class=\"wp-block-image\">\n<figure class=\"alignright size-large is-resized\"><img loading=\"lazy\" decoding=\"async\" width=\"1024\" height=\"1016\" src=\"https:\/\/aviation.pero-online.de\/wordpress\/wp-content\/uploads\/2025\/10\/WorldFlightLogo-1024x1016.png\" alt=\"\" class=\"wp-image-4910\" style=\"width:235px;height:auto\" srcset=\"https:\/\/aviation.pero-online.de\/wordpress\/wp-content\/uploads\/2025\/10\/WorldFlightLogo-1024x1016.png 1024w, https:\/\/aviation.pero-online.de\/wordpress\/wp-content\/uploads\/2025\/10\/WorldFlightLogo-300x298.png 300w, https:\/\/aviation.pero-online.de\/wordpress\/wp-content\/uploads\/2025\/10\/WorldFlightLogo-150x150.png 150w, https:\/\/aviation.pero-online.de\/wordpress\/wp-content\/uploads\/2025\/10\/WorldFlightLogo-768x762.png 768w, https:\/\/aviation.pero-online.de\/wordpress\/wp-content\/uploads\/2025\/10\/WorldFlightLogo.png 1429w\" sizes=\"auto, (max-width: 1024px) 100vw, 1024px\" \/><\/figure>\n<\/div>\n\n\n<h2 class=\"wp-block-heading\">Einleitung<\/h2>\n\n\n\n<p>VATSIM WorldFlight ist ein j\u00e4hrlich stattfindendes, weltweites virtuelles Flugevent, bei dem eine Gruppe von Flugsimulator-Piloten eine ganze Woche lang rund um die Welt fliegt. Das Event wird auf der VATSIM-Plattform durchgef\u00fchrt, die eine realit\u00e4tsnahe Luftverkehrskontrolle und Interaktion mit anderen virtuellen Piloten erm\u00f6glicht. Ziel des WorldFlights ist es, Spenden f\u00fcr verschiedene wohlt\u00e4tige Zwecke zu sammeln.<\/p>\n\n\n\n<p>Die Route und die Zeitpl\u00e4ne sind im Voraus festgelegt und beinhalten Stopps an zahlreichen internationalen Flugh\u00e4fen. Es bietet eine gro\u00dfartige M\u00f6glichkeit f\u00fcr die Flugsimulationsgemeinschaft, zusammenzukommen, ihre Leidenschaft zu teilen und gleichzeitig Gutes zu tun.<\/p>\n\n\n\n<div style=\"height:10px\" aria-hidden=\"true\" class=\"wp-block-spacer\"><\/div>\n\n\n\n<div class=\"wp-block-buttons is-horizontal is-content-justification-center is-layout-flex wp-container-core-buttons-is-layout-499968f5 wp-block-buttons-is-layout-flex\">\n<div class=\"wp-block-button has-custom-width wp-block-button__width-100 is-style-default\"><a class=\"wp-block-button__link has-cyan-bluish-gray-background-color has-background wp-element-button\">Event vom 01.11. bis 08.11.2025<\/a><\/div>\n<\/div>\n\n\n\n<div style=\"height:10px\" aria-hidden=\"true\" class=\"wp-block-spacer\"><\/div>\n\n\n<div class=\"wp-block-image\">\n<figure class=\"aligncenter size-large\"><a href=\"https:\/\/aviation.pero-online.de\/wordpress\/wp-content\/uploads\/2025\/09\/imgi_9_WorldFlight2025.png\"><img decoding=\"async\" src=\"https:\/\/aviation.pero-online.de\/wordpress\/wp-content\/uploads\/2025\/09\/imgi_9_WorldFlight2025-1024x724.png\" alt=\"\"\/><\/a><\/figure>\n<\/div>\n\n\n<p>Klicke <strong><a href=\"https:\/\/vatsim-radar.com\/?pilot=JHL44\" target=\"_blank\" rel=\"noreferrer noopener\">hier um zu sehen<\/a><\/strong>, wo unser Flugzeug &#8222;JHL44&#8220; gerade ist.<\/p>\n\n\n\n<h2 class=\"wp-block-heading\" id=\"unser-team\">Unser Team<\/h2>\n\n\n<div class=\"wp-block-image\">\n<figure class=\"alignright size-large is-resized\"><a href=\"https:\/\/aviation.pero-online.de\/wordpress\/wp-content\/uploads\/2023\/11\/WF23_Prom_450-1024x542.webp\"><img decoding=\"async\" src=\"https:\/\/aviation.pero-online.de\/wordpress\/wp-content\/uploads\/2023\/11\/WF23_Prom_450-1024x542.webp\" alt=\"\" style=\"width:557px;height:auto\"\/><\/a><\/figure>\n<\/div>\n\n\n<p>In unserem Team sind gleich vier Simulatoren im Einsatz \u2013 eine Besonderheit beim Worldflight, da normalerweise pro Team nur ein Simulator verwendet wird. Die Idee dazu entstand w\u00e4hrend der COVID-19-Pandemie: &#8222;K\u00e4p&#8217;n Romeo&#8220; hatte damals den Einfall, ein internationales Team zu gr\u00fcnden, das den Weltflug mit mit einem virtuellen Flugzeug (JHL44) aber in verschiedenen Simulatoren durchf\u00fchrt.<\/p>\n\n\n\n<p>In unserem Team wird das virtuelle Flugzeug also von einem Piloten an den n\u00e4chsten \u00fcbergeben. Daf\u00fcr haben wir ein pr\u00e4zises Verfahren entwickelt, bei dem das Flugzeug in VATSIM kurzzeitig verschwindet, bis sich der n\u00e4chste Pilot f\u00fcr das n\u00e4chste Leg an derselben Position wieder einloggt. So entsteht f\u00fcr andere der Eindruck, als w\u00fcrde das Flugzeug ohne Unterbrechung weiterfliegen.<\/p>\n\n\n\n<p>Unsere offizielle Teamwebsite findet Ihr hier: <a href=\"https:\/\/www.flightpathsimulation.club\/worldflight\" target=\"_blank\" rel=\"noreferrer noopener\"><strong>https:\/\/www.flightpathsimulation.club\/worldflight<\/strong><\/a><\/p>\n\n\n\n<h2 class=\"wp-block-heading\">Spendenprojekt<\/h2>\n\n\n\n<p>Wir sammeln in diesem Jahr wieder Geld zur Unterst\u00fctzung des Corporate Angel Network (CAN).<\/p>\n\n\n<div class=\"wp-block-image\">\n<figure class=\"alignleft size-full\"><img decoding=\"async\" src=\"https:\/\/aviation.pero-online.de\/wordpress\/wp-content\/uploads\/2025\/10\/CAN-Logo-300px.webp\" alt=\"\"\/><\/figure>\n<\/div>\n\n\n<p>Das Corporate Angel Network (CAN) ist eine gemeinn\u00fctzige Organisation gem\u00e4\u00df 501(c)(3), die Krebspatienten dabei hilft, die besten Behandlungszentren in den Vereinigten Staaten zu erreichen, indem sie kostenlose Fl\u00fcge in Gesch\u00e4ftsflugzeugen, darunter sowohl Turbofan- als auch Turboprop-Flugzeuge, organisiert. Unabh\u00e4ngig davon, ob ein Patient zu einer Operation, einer klinischen Studie oder einer Zweitmeinung reist, m\u00f6chte CAN durch die Bereitstellung von Sitzpl\u00e4tzen in einem Gesch\u00e4ftsflugzeug die physische, emotionale und finanzielle Belastung des Patienten verringern.<\/p>\n\n\n\n<p>Die Teilnahme steht allen Krebspatienten sowie Knochenmark- und Stammzellspendern und -empf\u00e4ngern offen, die gehf\u00e4hig sind und w\u00e4hrend der Reise keine medizinische Hilfe ben\u00f6tigen. Die Teilnahmeberechtigung h\u00e4ngt nicht von der finanziellen Bed\u00fcrftigkeit ab, und Patienten k\u00f6nnen so oft wie n\u00f6tig reisen.<\/p>\n\n\n\n<p>\u00dcber <strong><a href=\"https:\/\/www.corpangelnetwork.org\/donate\" data-type=\"link\" data-id=\"https:\/\/www.corpangelnetwork.org\/donate\">diesen Link gelangst du zur Spendenseite<\/a><\/strong> (Kreditkarte erforderlich). <br>Bitte gib im Feld \u201eAdditional comments\u201c (bei Payment Information) den Hinweis \u201eWF25\u201c an.<\/p>\n\n\n\n<p>Vielen Dank!<\/p>\n\n\n\n<h2 class=\"wp-block-heading\">Unsere Airline<\/h2>\n\n\n\n<p>W\u00e4hrend unseres ersten WorldFlights arbeiteten alle Simulatoren mit der Simulationssoftware JeeHell FMGS. Aus dieser gemeinsamen Basis entstand schlie\u00dflich die fiktive Airline \u201eJeeHell Airlines\u201c.<\/p>\n\n\n<div class=\"wp-block-image\">\n<figure class=\"aligncenter size-full is-resized\"><img loading=\"lazy\" decoding=\"async\" width=\"1007\" height=\"218\" src=\"https:\/\/aviation.pero-online.de\/wordpress\/wp-content\/uploads\/2022\/02\/JHA_schrift_Final2_white-1.png\" alt=\"\" class=\"wp-image-3433\" style=\"width:213px;height:auto\" srcset=\"https:\/\/aviation.pero-online.de\/wordpress\/wp-content\/uploads\/2022\/02\/JHA_schrift_Final2_white-1.png 1007w, https:\/\/aviation.pero-online.de\/wordpress\/wp-content\/uploads\/2022\/02\/JHA_schrift_Final2_white-1-300x65.png 300w, https:\/\/aviation.pero-online.de\/wordpress\/wp-content\/uploads\/2022\/02\/JHA_schrift_Final2_white-1-768x166.png 768w\" sizes=\"auto, (max-width: 1007px) 100vw, 1007px\" \/><\/figure>\n<\/div>\n\n\n<figure class=\"wp-block-gallery has-nested-images columns-default is-cropped wp-block-gallery-1 is-layout-flex wp-block-gallery-is-layout-flex\">\n<figure class=\"wp-block-image size-large\"><a href=\"https:\/\/aviation.pero-online.de\/wordpress\/wp-content\/uploads\/2022\/03\/image12153.jpg\"><img loading=\"lazy\" decoding=\"async\" width=\"1024\" height=\"526\" data-id=\"3591\" src=\"https:\/\/aviation.pero-online.de\/wordpress\/wp-content\/uploads\/2022\/03\/image12153-1024x526.jpg\" alt=\"\" class=\"wp-image-3591\" srcset=\"https:\/\/aviation.pero-online.de\/wordpress\/wp-content\/uploads\/2022\/03\/image12153-1024x526.jpg 1024w, https:\/\/aviation.pero-online.de\/wordpress\/wp-content\/uploads\/2022\/03\/image12153-300x154.jpg 300w, https:\/\/aviation.pero-online.de\/wordpress\/wp-content\/uploads\/2022\/03\/image12153-768x395.jpg 768w, https:\/\/aviation.pero-online.de\/wordpress\/wp-content\/uploads\/2022\/03\/image12153-1536x789.jpg 1536w, https:\/\/aviation.pero-online.de\/wordpress\/wp-content\/uploads\/2022\/03\/image12153.jpg 1775w\" sizes=\"auto, (max-width: 1024px) 100vw, 1024px\" \/><\/a><\/figure>\n\n\n\n<figure class=\"wp-block-image size-large\"><a href=\"https:\/\/aviation.pero-online.de\/wordpress\/wp-content\/uploads\/2022\/03\/image12157.jpg\"><img loading=\"lazy\" decoding=\"async\" width=\"1024\" height=\"536\" data-id=\"3590\" src=\"https:\/\/aviation.pero-online.de\/wordpress\/wp-content\/uploads\/2022\/03\/image12157-1024x536.jpg\" alt=\"\" class=\"wp-image-3590\" srcset=\"https:\/\/aviation.pero-online.de\/wordpress\/wp-content\/uploads\/2022\/03\/image12157-1024x536.jpg 1024w, https:\/\/aviation.pero-online.de\/wordpress\/wp-content\/uploads\/2022\/03\/image12157-300x157.jpg 300w, https:\/\/aviation.pero-online.de\/wordpress\/wp-content\/uploads\/2022\/03\/image12157-768x402.jpg 768w, https:\/\/aviation.pero-online.de\/wordpress\/wp-content\/uploads\/2022\/03\/image12157-1536x804.jpg 1536w, https:\/\/aviation.pero-online.de\/wordpress\/wp-content\/uploads\/2022\/03\/image12157.jpg 1712w\" sizes=\"auto, (max-width: 1024px) 100vw, 1024px\" \/><\/a><\/figure>\n\n\n\n<figure class=\"wp-block-image size-large\"><a href=\"https:\/\/aviation.pero-online.de\/wordpress\/wp-content\/uploads\/2022\/03\/image12152.jpg\"><img loading=\"lazy\" decoding=\"async\" width=\"1024\" height=\"531\" data-id=\"3592\" src=\"https:\/\/aviation.pero-online.de\/wordpress\/wp-content\/uploads\/2022\/03\/image12152-1024x531.jpg\" alt=\"\" class=\"wp-image-3592\" srcset=\"https:\/\/aviation.pero-online.de\/wordpress\/wp-content\/uploads\/2022\/03\/image12152-1024x531.jpg 1024w, https:\/\/aviation.pero-online.de\/wordpress\/wp-content\/uploads\/2022\/03\/image12152-300x156.jpg 300w, https:\/\/aviation.pero-online.de\/wordpress\/wp-content\/uploads\/2022\/03\/image12152-768x398.jpg 768w, https:\/\/aviation.pero-online.de\/wordpress\/wp-content\/uploads\/2022\/03\/image12152-1536x796.jpg 1536w, https:\/\/aviation.pero-online.de\/wordpress\/wp-content\/uploads\/2022\/03\/image12152.jpg 1734w\" sizes=\"auto, (max-width: 1024px) 100vw, 1024px\" \/><\/a><\/figure>\n<\/figure>\n\n\n\n<p>Die Livery wurde von <strong><a href=\"https:\/\/library.avsim.net\/search.php?SearchTerm=Stefan+Bree&amp;CatID=root&amp;Go=Search\" data-type=\"URL\" data-id=\"https:\/\/library.avsim.net\/search.php?SearchTerm=Stefan+Bree&amp;CatID=root&amp;Go=Search\">Stefan Bree<\/a><\/strong> im Rahmen des Spendenprojektes f\u00fcr uns erstellt. <\/p>\n\n\n\n<div class=\"wp-block-fruitful-blocks-fruitful-sep undefined ff fruitful_sep\" style=\"background-color:#e0e0e0;height:1px\"><\/div>\n","protected":false},"excerpt":{"rendered":"<p>Einleitung VATSIM WorldFlight ist ein j\u00e4hrlich stattfindendes, weltweites virtuelles Flugevent, bei dem eine Gruppe von Flugsimulator-Piloten eine ganze Woche lang rund um die Welt fliegt. Das Event wird auf der VATSIM-Plattform durchgef\u00fchrt, die eine realit\u00e4tsnahe Luftverkehrskontrolle und Interaktion mit anderen virtuellen Piloten erm\u00f6glicht. Ziel des WorldFlights ist es, Spenden f\u00fcr verschiedene wohlt\u00e4tige Zwecke zu sammeln.&hellip;&nbsp;<a href=\"https:\/\/aviation.pero-online.de\/wordpress\/worldflight\/\" rel=\"bookmark\">Weiterlesen &raquo;<span class=\"screen-reader-text\">VATSIM WorldFlight Spendenprojekt<\/span><\/a><\/p>\n","protected":false},"author":2,"featured_media":0,"parent":0,"menu_order":0,"comment_status":"closed","ping_status":"closed","template":"","meta":{"_stopmodifiedupdate":false,"_modified_date":"","neve_meta_sidebar":"","neve_meta_container":"","neve_meta_enable_content_width":"","neve_meta_content_width":0,"neve_meta_title_alignment":"","neve_meta_author_avatar":"","neve_post_elements_order":"","neve_meta_disable_header":"","neve_meta_disable_footer":"","neve_meta_disable_title":"","footnotes":""},"class_list":["post-3255","page","type-page","status-publish","hentry"],"_links":{"self":[{"href":"https:\/\/aviation.pero-online.de\/wordpress\/wp-json\/wp\/v2\/pages\/3255","targetHints":{"allow":["GET"]}}],"collection":[{"href":"https:\/\/aviation.pero-online.de\/wordpress\/wp-json\/wp\/v2\/pages"}],"about":[{"href":"https:\/\/aviation.pero-online.de\/wordpress\/wp-json\/wp\/v2\/types\/page"}],"author":[{"embeddable":true,"href":"https:\/\/aviation.pero-online.de\/wordpress\/wp-json\/wp\/v2\/users\/2"}],"replies":[{"embeddable":true,"href":"https:\/\/aviation.pero-online.de\/wordpress\/wp-json\/wp\/v2\/comments?post=3255"}],"version-history":[{"count":0,"href":"https:\/\/aviation.pero-online.de\/wordpress\/wp-json\/wp\/v2\/pages\/3255\/revisions"}],"wp:attachment":[{"href":"https:\/\/aviation.pero-online.de\/wordpress\/wp-json\/wp\/v2\/media?parent=3255"}],"curies":[{"name":"wp","href":"https:\/\/api.w.org\/{rel}","templated":true}]}}