{"id":2611,"date":"2020-01-16T06:07:12","date_gmt":"2020-01-16T05:07:12","guid":{"rendered":"https:\/\/aviation.pero-online.de\/wordpress\/?page_id=2611"},"modified":"2022-02-11T10:48:50","modified_gmt":"2022-02-11T09:48:50","slug":"peropush2talk","status":"publish","type":"page","link":"https:\/\/aviation.pero-online.de\/wordpress\/softwareprojects\/peropush2talk\/","title":{"rendered":"peroPUSH2TALK"},"content":{"rendered":"\n<div style=\"text-align:left\" class=\"wp-block-fruitful-blocks-fruitful-alert ff fruitful_alert ff-alert-info ff-id-block-cb13527f-0b30-40e0-85bd-033e284352f8\"><i class=\"ff-icon\"><\/i><div>Meine Freeware Projekt werden kostenfrei nur nicht kommerziellen Nutzung \u00fcberlassen. Sie d\u00fcrfen nicht ver\u00e4ndert oder weiterverbreitet werden. Alle Softwareprojekt werden ohne Garantie, Gew\u00e4hrleistung und Support geliefert!<br><br><strong>Die Nutzung erfolgt auf eigene Gefahr!<\/strong><\/div><a href=\"#\" class=\"ff-alert-dismiss\"><\/a><\/div>\n\n\n\n<h2 class=\"wp-block-heading\" id=\"einfuhrung\">Einf\u00fchrung<\/h2>\n\n\n\n<p>Dieses kleine Tool ist ein einfaches &#8222;Tastendruck&#8220;-Tool, das mit PC-Mausklick verwendet werden kann. Der Bedarf kam von TEAMSPEAK 3, das nach einer &#8222;Push-to-Talk&#8220;-Taste fragt. Auf meinem Windows Tablet gibt es keine solche Taste und die Verwendung der virtuellen Tastatur ist keine wirkliche L\u00f6sung.<\/p>\n\n\n\n<p>Ich brauchte ein \u00fcberlagerndes &#8211; einfach zu bedienendes &#8211; Tool, das damit geboren ist.<\/p>\n\n\n\n<figure class=\"wp-block-image size-large\"><img loading=\"lazy\" decoding=\"async\" width=\"1024\" height=\"831\" src=\"https:\/\/aviation.pero-online.de\/wordpress\/wp-content\/uploads\/2020\/01\/BeispielNavigraphMitP2Tapp-1024x831-1.png\" alt=\"\" class=\"wp-image-2636\" srcset=\"https:\/\/aviation.pero-online.de\/wordpress\/wp-content\/uploads\/2020\/01\/BeispielNavigraphMitP2Tapp-1024x831-1.png 1024w, https:\/\/aviation.pero-online.de\/wordpress\/wp-content\/uploads\/2020\/01\/BeispielNavigraphMitP2Tapp-1024x831-1-300x243.png 300w, https:\/\/aviation.pero-online.de\/wordpress\/wp-content\/uploads\/2020\/01\/BeispielNavigraphMitP2Tapp-1024x831-1-768x623.png 768w\" sizes=\"auto, (max-width: 1024px) 100vw, 1024px\" \/><figcaption>peroPUSH2TALK Button Example<\/figcaption><\/figure>\n\n\n\n<h2 class=\"wp-block-heading\" id=\"installation\">Installation<\/h2>\n\n\n\n<p>Kopieren Sie einfach die Datei &#8222;peroPUSH2TALK.exe&#8220; in einen Ordner und starten Sie sie. Nach dem ersten Start wird eine .ini-Datei erstellt, die dann angepasst werden kann.<\/p>\n\n\n\n<h2 class=\"wp-block-heading\" id=\"wie-funktioniert-es\">Wie funktioniert es?<\/h2>\n\n\n\n<p>Starten Sie einfach das Tool. Wenn Sie auf die Schaltfl\u00e4che &#8222;Aus&#8220; klicken, wird die Schaltfl\u00e4che gr\u00fcn und &#8222;Senden&#8220; angezeigt.<\/p>\n\n\n\n<p>Sobald die Taste gr\u00fcn leuchtet, wird die zugewiesene Taste f\u00fcr das konfigurierte Intervall gedr\u00fcckt. Um das Dr\u00fccken der Taste zu beenden, klicken Sie auf &#8222;Send&#8220; und die Taste schaltet auf &#8222;Off&#8220; und der Tastendruck wird beendet.<\/p>\n\n\n\n<figure class=\"wp-block-gallery has-nested-images columns-default is-cropped wp-block-gallery-1 is-layout-flex wp-block-gallery-is-layout-flex\">\n<figure class=\"wp-block-image size-large\"><img loading=\"lazy\" decoding=\"async\" width=\"360\" height=\"132\" data-id=\"2612\" src=\"https:\/\/aviation.pero-online.de\/wordpress\/wp-content\/uploads\/2020\/01\/peroPUSH2TALK.png\" alt=\"\" class=\"wp-image-2612\" srcset=\"https:\/\/aviation.pero-online.de\/wordpress\/wp-content\/uploads\/2020\/01\/peroPUSH2TALK.png 360w, https:\/\/aviation.pero-online.de\/wordpress\/wp-content\/uploads\/2020\/01\/peroPUSH2TALK-300x110.png 300w\" sizes=\"auto, (max-width: 360px) 100vw, 360px\" \/><\/figure>\n\n\n\n<figure class=\"wp-block-image size-large\"><img loading=\"lazy\" decoding=\"async\" width=\"360\" height=\"132\" data-id=\"2613\" src=\"https:\/\/aviation.pero-online.de\/wordpress\/wp-content\/uploads\/2020\/01\/peroPUSH2TALK2.png\" alt=\"\" class=\"wp-image-2613\" srcset=\"https:\/\/aviation.pero-online.de\/wordpress\/wp-content\/uploads\/2020\/01\/peroPUSH2TALK2.png 360w, https:\/\/aviation.pero-online.de\/wordpress\/wp-content\/uploads\/2020\/01\/peroPUSH2TALK2-300x110.png 300w\" sizes=\"auto, (max-width: 360px) 100vw, 360px\" \/><\/figure>\n<\/figure>\n\n\n\n<h2 class=\"wp-block-heading\" id=\"konfiguration\">Konfiguration<\/h2>\n\n\n\n<p>Nach dem einmaligen Start der .exe gibt es eine &#8222;peroPUSH2TALK.ini&#8220;-Datei mit den folgenden Optionen:<\/p>\n\n\n\n<pre class=\"wp-block-code\"><code>&#091;GENERAL]\nkeypress={CAPSLOCK}                     &gt; defines they key that should be pressed. See https:\/\/docs.microsoft.com\/de-de\/dotnet\/api\/system.windows.forms.sendkeys.send?view=netframework-4.8\nkeypressInterval=100                    &gt; defines the interval for the keypress (pressing the key every x milliseconds)\nalwaysOnTop=True                        &gt; defines if the application should be always On Top of every application<\/code><\/pre>\n\n\n\n<h2 class=\"wp-block-heading\" id=\"release-notes\">Release Notes<\/h2>\n\n\n\n<ul class=\"wp-block-list\"><li>06.01.2019 &#8211; v1<ul><li>Initial Release<\/li><\/ul><\/li><\/ul>\n\n\n\n<h2 class=\"wp-block-heading\" id=\"download\">Download<\/h2>\n\n\n\n<div class='w3eden'><!-- WPDM Link Template: Default Template -->\n\n<div class=\"link-template-default card mb-2\">\n    <div class=\"card-body\">\n        <div class=\"media\">\n            <div class=\"mr-3 img-48\"><img decoding=\"async\" class=\"wpdm_icon\" alt=\"Icon\"   src=\"https:\/\/aviation.pero-online.de\/wordpress\/wp-content\/plugins\/download-manager\/assets\/file-type-icons\/zip.svg\" \/><\/div>\n            <div class=\"media-body\">\n                <h3 class=\"package-title\"><a href='https:\/\/aviation.pero-online.de\/wordpress\/download\/peropush2talk\/'>peroPUSH2TALK<\/a><\/h3>\n                <div class=\"text-muted text-small\"><i class=\"fas fa-copy\"><\/i> 1 Datei(en) <i class=\"fas fa-hdd ml-3\"><\/i> 730.71 KB<\/div>\n            <\/div>\n            <div class=\"ml-3\">\n                <a class='wpdm-download-link download-on-click btn btn-primary ' rel='nofollow' href='#' data-downloadurl=\"https:\/\/aviation.pero-online.de\/wordpress\/download\/peropush2talk\/?wpdmdl=2617&refresh=69ea1813e93351776949267\">Download<\/a>\n            <\/div>\n        <\/div>\n    <\/div>\n<\/div>\n\n<\/div>\n","protected":false},"excerpt":{"rendered":"<p>Einf\u00fchrung Dieses kleine Tool ist ein einfaches &#8222;Tastendruck&#8220;-Tool, das mit PC-Mausklick verwendet werden kann. Der Bedarf kam von TEAMSPEAK 3, das nach einer &#8222;Push-to-Talk&#8220;-Taste fragt. Auf meinem Windows Tablet gibt es keine solche Taste und die Verwendung der virtuellen Tastatur ist keine wirkliche L\u00f6sung. Ich brauchte ein \u00fcberlagerndes &#8211; einfach zu bedienendes &#8211; Tool, das&hellip;&nbsp;<a href=\"https:\/\/aviation.pero-online.de\/wordpress\/softwareprojects\/peropush2talk\/\" rel=\"bookmark\">Weiterlesen &raquo;<span class=\"screen-reader-text\">peroPUSH2TALK<\/span><\/a><\/p>\n","protected":false},"author":2,"featured_media":0,"parent":99,"menu_order":0,"comment_status":"closed","ping_status":"closed","template":"","meta":{"_stopmodifiedupdate":false,"_modified_date":"","neve_meta_sidebar":"","neve_meta_container":"","neve_meta_enable_content_width":"","neve_meta_content_width":0,"neve_meta_title_alignment":"","neve_meta_author_avatar":"","neve_post_elements_order":"","neve_meta_disable_header":"","neve_meta_disable_footer":"","neve_meta_disable_title":"","footnotes":""},"class_list":["post-2611","page","type-page","status-publish","hentry"],"_links":{"self":[{"href":"https:\/\/aviation.pero-online.de\/wordpress\/wp-json\/wp\/v2\/pages\/2611","targetHints":{"allow":["GET"]}}],"collection":[{"href":"https:\/\/aviation.pero-online.de\/wordpress\/wp-json\/wp\/v2\/pages"}],"about":[{"href":"https:\/\/aviation.pero-online.de\/wordpress\/wp-json\/wp\/v2\/types\/page"}],"author":[{"embeddable":true,"href":"https:\/\/aviation.pero-online.de\/wordpress\/wp-json\/wp\/v2\/users\/2"}],"replies":[{"embeddable":true,"href":"https:\/\/aviation.pero-online.de\/wordpress\/wp-json\/wp\/v2\/comments?post=2611"}],"version-history":[{"count":0,"href":"https:\/\/aviation.pero-online.de\/wordpress\/wp-json\/wp\/v2\/pages\/2611\/revisions"}],"up":[{"embeddable":true,"href":"https:\/\/aviation.pero-online.de\/wordpress\/wp-json\/wp\/v2\/pages\/99"}],"wp:attachment":[{"href":"https:\/\/aviation.pero-online.de\/wordpress\/wp-json\/wp\/v2\/media?parent=2611"}],"curies":[{"name":"wp","href":"https:\/\/api.w.org\/{rel}","templated":true}]}}