{"id":1354,"date":"2016-12-29T07:29:26","date_gmt":"2016-12-29T06:29:26","guid":{"rendered":"http:\/\/aviation.pero-online.de\/wordpress\/?page_id=1354"},"modified":"2025-10-12T07:29:00","modified_gmt":"2025-10-12T05:29:00","slug":"d-alam","status":"publish","type":"page","link":"https:\/\/aviation.pero-online.de\/wordpress\/flugsimulation\/d-alam\/","title":{"rendered":"A320 Homecockpit (D-ALAM)"},"content":{"rendered":"\n<p>Hier stelle ich mein Airbus A320 Homecockpit-Projekt vor und gehe dabei besonders auf die technischen Herausforderungen eingehen, die im Verlauf immer wieder f\u00fcr Kopfzerbrechen gesorgt haben.<\/p>\n\n\n\n<p>Der Startschuss fiel im Jahr 2013 mit dem Bau des Overhead Panels &#8211; wann genau die Planungen begonnen haben, l\u00e4sst sich heute kaum noch sagen. Schon zu Beginn stand f\u00fcr mich fest, dass ich die Komponenten bei Skalarki Electronics in Gro\u00dfbritannien beziehen w\u00fcrde.<\/p>\n\n\n\n<figure class=\"wp-block-gallery has-nested-images columns-default is-cropped wp-block-gallery-1 is-layout-flex wp-block-gallery-is-layout-flex\">\n<figure class=\"wp-block-image size-large\"><a href=\"https:\/\/aviation.pero-online.de\/wordpress\/wp-content\/uploads\/2022\/07\/DALAM_today-2-scaled.jpg\"><img loading=\"lazy\" decoding=\"async\" width=\"1024\" height=\"461\" data-id=\"3623\" src=\"https:\/\/aviation.pero-online.de\/wordpress\/wp-content\/uploads\/2022\/07\/DALAM_today-2-1024x461.jpg\" alt=\"\" class=\"wp-image-3623\" srcset=\"https:\/\/aviation.pero-online.de\/wordpress\/wp-content\/uploads\/2022\/07\/DALAM_today-2-1024x461.jpg 1024w, https:\/\/aviation.pero-online.de\/wordpress\/wp-content\/uploads\/2022\/07\/DALAM_today-2-300x135.jpg 300w, https:\/\/aviation.pero-online.de\/wordpress\/wp-content\/uploads\/2022\/07\/DALAM_today-2-768x346.jpg 768w, https:\/\/aviation.pero-online.de\/wordpress\/wp-content\/uploads\/2022\/07\/DALAM_today-2-1536x692.jpg 1536w, https:\/\/aviation.pero-online.de\/wordpress\/wp-content\/uploads\/2022\/07\/DALAM_today-2-2048x922.jpg 2048w\" sizes=\"auto, (max-width: 1024px) 100vw, 1024px\" \/><\/a><\/figure>\n\n\n\n<figure class=\"wp-block-image size-large\"><a href=\"https:\/\/aviation.pero-online.de\/wordpress\/wp-content\/uploads\/2022\/07\/DALAM_today-1-scaled.jpg\"><img loading=\"lazy\" decoding=\"async\" width=\"1024\" height=\"461\" data-id=\"3625\" src=\"https:\/\/aviation.pero-online.de\/wordpress\/wp-content\/uploads\/2022\/07\/DALAM_today-1-1024x461.jpg\" alt=\"\" class=\"wp-image-3625\" srcset=\"https:\/\/aviation.pero-online.de\/wordpress\/wp-content\/uploads\/2022\/07\/DALAM_today-1-1024x461.jpg 1024w, https:\/\/aviation.pero-online.de\/wordpress\/wp-content\/uploads\/2022\/07\/DALAM_today-1-300x135.jpg 300w, https:\/\/aviation.pero-online.de\/wordpress\/wp-content\/uploads\/2022\/07\/DALAM_today-1-768x346.jpg 768w, https:\/\/aviation.pero-online.de\/wordpress\/wp-content\/uploads\/2022\/07\/DALAM_today-1-1536x692.jpg 1536w, https:\/\/aviation.pero-online.de\/wordpress\/wp-content\/uploads\/2022\/07\/DALAM_today-1-2048x922.jpg 2048w\" sizes=\"auto, (max-width: 1024px) 100vw, 1024px\" \/><\/a><\/figure>\n\n\n\n<figure class=\"wp-block-image size-large\"><a href=\"https:\/\/aviation.pero-online.de\/wordpress\/wp-content\/uploads\/2022\/07\/DALAM_today-3-scaled.jpg\"><img loading=\"lazy\" decoding=\"async\" width=\"1024\" height=\"461\" data-id=\"3624\" src=\"https:\/\/aviation.pero-online.de\/wordpress\/wp-content\/uploads\/2022\/07\/DALAM_today-3-1024x461.jpg\" alt=\"\" class=\"wp-image-3624\" srcset=\"https:\/\/aviation.pero-online.de\/wordpress\/wp-content\/uploads\/2022\/07\/DALAM_today-3-1024x461.jpg 1024w, https:\/\/aviation.pero-online.de\/wordpress\/wp-content\/uploads\/2022\/07\/DALAM_today-3-300x135.jpg 300w, https:\/\/aviation.pero-online.de\/wordpress\/wp-content\/uploads\/2022\/07\/DALAM_today-3-768x346.jpg 768w, https:\/\/aviation.pero-online.de\/wordpress\/wp-content\/uploads\/2022\/07\/DALAM_today-3-1536x692.jpg 1536w, https:\/\/aviation.pero-online.de\/wordpress\/wp-content\/uploads\/2022\/07\/DALAM_today-3-2048x922.jpg 2048w\" sizes=\"auto, (max-width: 1024px) 100vw, 1024px\" \/><\/a><\/figure>\n<\/figure>\n\n\n\n<p><\/p>\n\n\n\n<h2 class=\"wp-block-heading\" id=\"ziel-anforderungen\">Ziel \/ Anforderungen<\/h2>\n\n\n<div class=\"wp-block-image is-resized\">\n<figure class=\"alignright\"><a href=\"https:\/\/aviation.pero-online.de\/wordpress\/wp-content\/uploads\/2016\/12\/D-ALAM_Pedestal.png\"><img loading=\"lazy\" decoding=\"async\" width=\"229\" height=\"423\" src=\"https:\/\/aviation.pero-online.de\/wordpress\/wp-content\/uploads\/2016\/12\/D-ALAM_Pedestal.png\" alt=\"\" class=\"wp-image-1424\" srcset=\"https:\/\/aviation.pero-online.de\/wordpress\/wp-content\/uploads\/2016\/12\/D-ALAM_Pedestal.png 229w, https:\/\/aviation.pero-online.de\/wordpress\/wp-content\/uploads\/2016\/12\/D-ALAM_Pedestal-162x300.png 162w\" sizes=\"auto, (max-width: 229px) 100vw, 229px\" \/><\/a><\/figure>\n<\/div>\n\n\n<p>Da ich schon immer von Airbus fasziniert war, stand f\u00fcr mich schnell fest, dass auch mein Simulator ein Airbus werden sollte. Gleichzeitig wollte ich ein nicht zu gro\u00dfes Muster w\u00e4hlen, um auch kleinere und spannendere Flugh\u00e4fen anfliegen zu k\u00f6nnen. Die Wahl fiel daher auf den A320 als Dualseater \u2013 denn zu zweit macht das virtuelle Fliegen einfach noch mehr Spa\u00df.<\/p>\n\n\n\n<p>Eine besondere Herausforderung stellte der Standort dar: Der verf\u00fcgbare Platz betr\u00e4gt maximal 1,85 m in der Breite und 2,20 m in der H\u00f6he. Dadurch konnte ich mich bei den Side Boxes nicht vollst\u00e4ndig am Original orientieren &#8211; aber es gibt Schlimmeres.<\/p>\n\n\n\n<h2 class=\"wp-block-heading\" id=\"umsetzung\">Umsetzung<\/h2>\n\n\n\n<p>Wichtig ist nat\u00fcrlich auch das  <a href=\"https:\/\/de.wikipedia.org\/wiki\/Luftfahrzeugkennzeichen\" target=\"_blank\" rel=\"noopener noreferrer\"><strong>Luftfahrzeugkennzeichen<\/strong><\/a> D-ALAM. Es ist fiktiv und derzeit real nicht vergeben. Die Buchstaben setzen sich aus DEUTSCHLAND ALPHA und den drei Anfangsbuchstaben meiner M\u00e4dels zusammen. \ud83d\ude0a<\/p>\n\n\n\n<p>Gestartet habe ich das Projekt urspr\u00fcnglich auf Basis des Prepar3D v5 von Lockheed Martin, in Kombination mit der Airbus Homecockpit Hardware von Skalarki Electronics. Die komplette Systemlogik stammt von der Freeware JeeHell FMGS.<br>Mittlerweile bin ich jedoch auf den Microsoft Flight Simulator (MSFS) migriert, da er in puncto Grafik und Szeneriedarstellung einfach eine neue Dimension er\u00f6ffnet und das Cockpit Erlebnis damit noch realistischer macht.<\/p>\n\n\n\n<p>Die verwendete Hardware habe ich <a href=\"https:\/\/aviation.pero-online.de\/wordpress\/d-alam-hardware\/\" data-type=\"post\" data-id=\"1364\"><strong>hier detailliert beschrieben<\/strong><\/a>. Auch die Planung der Unterkonstruktion und des Sichtsystems war \u00e4u\u00dferst aufwendig, da jeder Zentimeter optimal genutzt werden musste.<\/p>\n\n\n\n<p>F\u00fcr die Lackierung des Pedestals, der Sideboxes sowie der MIP und Sitzunterkonstruktion habe ich den Farbton RAL 5008 (Graublau) in Seidenmatt verwendet. Der \u201eHimmel\u201c des Cockpits ist in RAL 7035 (Lichtgrau) gehalten. Verwendet wurde ein Acryllack (matt) aus dem Baumarkt, individuell angemischt.<\/p>\n\n\n\n<h2 class=\"wp-block-heading\">Weitere Beitr\u00e4ge<\/h2>\n\n\n\n<div class=\"wp-block-buttons is-layout-flex wp-block-buttons-is-layout-flex\">\n<div class=\"wp-block-button\"><a class=\"wp-block-button__link wp-element-button\" href=\"https:\/\/aviation.pero-online.de\/wordpress\/a320-homecockpit-d-alam-hardware\/\">Hardware<\/a><\/div>\n\n\n\n<div class=\"wp-block-button\"><a class=\"wp-block-button__link wp-element-button\" href=\"https:\/\/aviation.pero-online.de\/wordpress\/flugsimulation\/d-alam\/a320-homecockpit-d-alam-software\/\">Software<\/a><\/div>\n\n\n\n<div class=\"wp-block-button\"><a class=\"wp-block-button__link wp-element-button\" href=\"https:\/\/aviation.pero-online.de\/wordpress\/flugsimulation\/d-alam\/a320-homecockpit-shell\/\">Shell<\/a><\/div>\n\n\n\n<div class=\"wp-block-button\"><a class=\"wp-block-button__link wp-element-button\" href=\"https:\/\/aviation.pero-online.de\/wordpress\/flugsimulation\/d-alam\/a320-homecockpit-d-alam-overhead\/\">Overhead<\/a><\/div>\n\n\n\n<div class=\"wp-block-button\"><a class=\"wp-block-button__link wp-element-button\" href=\"https:\/\/aviation.pero-online.de\/wordpress\/flugsimulation\/d-alam\/a320-homecockpit-d-alam-sound\/\">Sound<\/a><\/div>\n<\/div>\n\n\n\n<div style=\"height:34px\" aria-hidden=\"true\" class=\"wp-block-spacer\"><\/div>\n\n\n\n<h2 class=\"wp-block-heading\" id=\"video\">Video<\/h2>\n\n\n\n<figure class=\"wp-block-embed is-type-video is-provider-youtube wp-block-embed-youtube wp-embed-aspect-16-9 wp-has-aspect-ratio\"><div class=\"wp-block-embed__wrapper\">\n<div class=\"nv-iframe-embed\"><iframe loading=\"lazy\" hcb-fetch-image-from=\"https:\/\/www.youtube.com\/watch?v=GLx5CQ7jkbQ\" title=\"A320 Homecockpit Introduction (D-ALAM)\" width=\"1200\" height=\"675\" src=\"https:\/\/www.youtube.com\/embed\/GLx5CQ7jkbQ?feature=oembed\" frameborder=\"0\" allow=\"accelerometer; autoplay; clipboard-write; encrypted-media; gyroscope; picture-in-picture; web-share\" referrerpolicy=\"strict-origin-when-cross-origin\" allowfullscreen><\/iframe><\/div>\n<\/div><\/figure>\n\n\n\n<div style=\"height:34px\" aria-hidden=\"true\" class=\"wp-block-spacer\"><\/div>\n\n\n\n<h2 class=\"wp-block-heading\" id=\"bilder\">Bilder<\/h2>\n\n\n\n<figure class=\"wp-block-gallery has-nested-images columns-3 is-cropped wp-block-gallery-2 is-layout-flex wp-block-gallery-is-layout-flex\">\n<figure class=\"wp-block-image size-full\"><img loading=\"lazy\" decoding=\"async\" width=\"720\" height=\"1280\" data-id=\"4879\" src=\"https:\/\/aviation.pero-online.de\/wordpress\/wp-content\/uploads\/2025\/04\/D-ALAM-Foto.jpg\" alt=\"\" class=\"wp-image-4879\" srcset=\"https:\/\/aviation.pero-online.de\/wordpress\/wp-content\/uploads\/2025\/04\/D-ALAM-Foto.jpg 720w, https:\/\/aviation.pero-online.de\/wordpress\/wp-content\/uploads\/2025\/04\/D-ALAM-Foto-169x300.jpg 169w, https:\/\/aviation.pero-online.de\/wordpress\/wp-content\/uploads\/2025\/04\/D-ALAM-Foto-576x1024.jpg 576w\" sizes=\"auto, (max-width: 720px) 100vw, 720px\" \/><figcaption class=\"wp-element-caption\">Cockpit<\/figcaption><\/figure>\n\n\n\n<figure class=\"wp-block-image size-full\"><img loading=\"lazy\" decoding=\"async\" width=\"1134\" height=\"2016\" data-id=\"2017\" src=\"https:\/\/aviation.pero-online.de\/wordpress\/wp-content\/uploads\/2018\/06\/201706_D-ALAM_012.jpg\" alt=\"\" class=\"wp-image-2017\" srcset=\"https:\/\/aviation.pero-online.de\/wordpress\/wp-content\/uploads\/2018\/06\/201706_D-ALAM_012.jpg 1134w, https:\/\/aviation.pero-online.de\/wordpress\/wp-content\/uploads\/2018\/06\/201706_D-ALAM_012-169x300.jpg 169w, https:\/\/aviation.pero-online.de\/wordpress\/wp-content\/uploads\/2018\/06\/201706_D-ALAM_012-768x1365.jpg 768w, https:\/\/aviation.pero-online.de\/wordpress\/wp-content\/uploads\/2018\/06\/201706_D-ALAM_012-576x1024.jpg 576w\" sizes=\"auto, (max-width: 1134px) 100vw, 1134px\" \/><figcaption class=\"wp-element-caption\">Cockpit (fast fertig)<\/figcaption><\/figure>\n\n\n\n<figure class=\"wp-block-image size-full\"><img loading=\"lazy\" decoding=\"async\" width=\"2016\" height=\"1134\" data-id=\"2009\" src=\"https:\/\/aviation.pero-online.de\/wordpress\/wp-content\/uploads\/2018\/06\/201706_D-ALAM_004.jpg\" alt=\"\" class=\"wp-image-2009\" srcset=\"https:\/\/aviation.pero-online.de\/wordpress\/wp-content\/uploads\/2018\/06\/201706_D-ALAM_004.jpg 2016w, https:\/\/aviation.pero-online.de\/wordpress\/wp-content\/uploads\/2018\/06\/201706_D-ALAM_004-300x169.jpg 300w, https:\/\/aviation.pero-online.de\/wordpress\/wp-content\/uploads\/2018\/06\/201706_D-ALAM_004-768x432.jpg 768w, https:\/\/aviation.pero-online.de\/wordpress\/wp-content\/uploads\/2018\/06\/201706_D-ALAM_004-1024x576.jpg 1024w\" sizes=\"auto, (max-width: 2016px) 100vw, 2016px\" \/><figcaption class=\"wp-element-caption\">Departure EDDS RWY07<\/figcaption><\/figure>\n<\/figure>\n\n\n\n<div class=\"wp-block-buttons is-layout-flex wp-block-buttons-is-layout-flex\">\n<div class=\"wp-block-button is-style-fill\"><a class=\"wp-block-button__link has-cyan-bluish-gray-background-color has-background wp-element-button\" href=\"https:\/\/aviation.pero-online.de\/wordpress\/?page_id=2942\" rel=\"https:\/\/aviation.pero-online.de\/wordpress\/?page_id=2942\">&gt;&gt; Mehr Bilder gibt es hier<\/a><\/div>\n<\/div>\n\n\n\n<p><\/p>\n","protected":false},"excerpt":{"rendered":"<p>Hier stelle ich mein Airbus A320 Homecockpit-Projekt vor und gehe dabei besonders auf die technischen Herausforderungen eingehen, die im Verlauf immer wieder f\u00fcr Kopfzerbrechen gesorgt haben. Der Startschuss fiel im Jahr 2013 mit dem Bau des Overhead Panels &#8211; wann genau die Planungen begonnen haben, l\u00e4sst sich heute kaum noch sagen. Schon zu Beginn stand&hellip;&nbsp;<a href=\"https:\/\/aviation.pero-online.de\/wordpress\/flugsimulation\/d-alam\/\" rel=\"bookmark\">Weiterlesen &raquo;<span class=\"screen-reader-text\">A320 Homecockpit (D-ALAM)<\/span><\/a><\/p>\n","protected":false},"author":2,"featured_media":0,"parent":78,"menu_order":0,"comment_status":"closed","ping_status":"closed","template":"","meta":{"_stopmodifiedupdate":false,"_modified_date":"","neve_meta_sidebar":"","neve_meta_container":"","neve_meta_enable_content_width":"","neve_meta_content_width":0,"neve_meta_title_alignment":"","neve_meta_author_avatar":"","neve_post_elements_order":"","neve_meta_disable_header":"","neve_meta_disable_footer":"","neve_meta_disable_title":"","footnotes":""},"class_list":["post-1354","page","type-page","status-publish","hentry"],"_links":{"self":[{"href":"https:\/\/aviation.pero-online.de\/wordpress\/wp-json\/wp\/v2\/pages\/1354","targetHints":{"allow":["GET"]}}],"collection":[{"href":"https:\/\/aviation.pero-online.de\/wordpress\/wp-json\/wp\/v2\/pages"}],"about":[{"href":"https:\/\/aviation.pero-online.de\/wordpress\/wp-json\/wp\/v2\/types\/page"}],"author":[{"embeddable":true,"href":"https:\/\/aviation.pero-online.de\/wordpress\/wp-json\/wp\/v2\/users\/2"}],"replies":[{"embeddable":true,"href":"https:\/\/aviation.pero-online.de\/wordpress\/wp-json\/wp\/v2\/comments?post=1354"}],"version-history":[{"count":1,"href":"https:\/\/aviation.pero-online.de\/wordpress\/wp-json\/wp\/v2\/pages\/1354\/revisions"}],"predecessor-version":[{"id":4938,"href":"https:\/\/aviation.pero-online.de\/wordpress\/wp-json\/wp\/v2\/pages\/1354\/revisions\/4938"}],"up":[{"embeddable":true,"href":"https:\/\/aviation.pero-online.de\/wordpress\/wp-json\/wp\/v2\/pages\/78"}],"wp:attachment":[{"href":"https:\/\/aviation.pero-online.de\/wordpress\/wp-json\/wp\/v2\/media?parent=1354"}],"curies":[{"name":"wp","href":"https:\/\/api.w.org\/{rel}","templated":true}]}}