{"id":1121,"date":"2022-01-01T21:10:34","date_gmt":"2022-01-01T20:10:34","guid":{"rendered":"http:\/\/aviation.pero-online.de\/wordpress\/?page_id=1121"},"modified":"2025-10-16T08:48:46","modified_gmt":"2025-10-16T06:48:46","slug":"willkommen","status":"publish","type":"page","link":"https:\/\/aviation.pero-online.de\/wordpress\/","title":{"rendered":"Willkommen"},"content":{"rendered":"\n<div class=\"wp-block-columns is-layout-flex wp-container-core-columns-is-layout-9d6595d7 wp-block-columns-is-layout-flex\">\n<div class=\"wp-block-column is-layout-flow wp-block-column-is-layout-flow\"><\/div>\n<\/div>\n\n\n\n<figure class=\"wp-block-image size-large is-style-default\"><img loading=\"lazy\" decoding=\"async\" width=\"1024\" height=\"576\" src=\"https:\/\/aviation.pero-online.de\/wordpress\/wp-content\/uploads\/2018\/03\/A320_Sim_EDDF-23-1024x576.jpg\" alt=\"\" class=\"wp-image-1918\" srcset=\"https:\/\/aviation.pero-online.de\/wordpress\/wp-content\/uploads\/2018\/03\/A320_Sim_EDDF-23.jpg 1024w, https:\/\/aviation.pero-online.de\/wordpress\/wp-content\/uploads\/2018\/03\/A320_Sim_EDDF-23-300x169.jpg 300w, https:\/\/aviation.pero-online.de\/wordpress\/wp-content\/uploads\/2018\/03\/A320_Sim_EDDF-23-768x432.jpg 768w\" sizes=\"auto, (max-width: 1024px) 100vw, 1024px\" \/><\/figure>\n\n\n\n<div style=\"height:34px\" aria-hidden=\"true\" class=\"wp-block-spacer\"><\/div>\n\n\n\n<p>Dies ist meine private Webseite rund um die faszinierende Welt der Fliegerei und Flugsimulation. Schon seit vielen Jahren fasziniert mich, wie realit\u00e4tsnah sich moderne Simulatoren nutzen lassen, um Verfahren, Navigation und Cockpitabl\u00e4ufe zu erleben und zu verstehen. Dabei verbindet sich mein Interesse an der echten Luftfahrt mit der Leidenschaft, diese m\u00f6glichst pr\u00e4zise im Simulator nachzubilden.<\/p>\n\n\n\n<p>F\u00fcr meine eigene Flugsimulation nutze ich derzeit den Microsoft Flight Simulator 2020 und besch\u00e4ftige mich gerne mit den Abl\u00e4ufen, Systemen und Verfahren moderner Verkehrsflugzeuge. Einen besonderen Einblick geben meine Homecockpit-Projekte: <a href=\"https:\/\/aviation.pero-online.de\/wordpress\/?page_id=122\" data-type=\"page\" data-id=\"122\"><strong>Daddy\u2019s Cockpit<\/strong><\/a>, <a href=\"https:\/\/aviation.pero-online.de\/wordpress\/?page_id=676\" data-type=\"page\" data-id=\"676\"><strong>peroPROPSIM<\/strong><\/a> und mein <a href=\"https:\/\/aviation.pero-online.de\/wordpress\/?page_id=1354\" data-type=\"page\" data-id=\"1354\"><strong>Fixed Base A320 Simulator<\/strong><\/a>.<\/p>\n\n\n\n<p>Nebenbei entwickle ich auch eigene <strong><a href=\"https:\/\/aviation.pero-online.de\/wordpress\/softwareprojects\/\" data-type=\"page\" data-id=\"99\">Tools und Software-Erweiterungen<\/a><\/strong>, um die Flugsimulation noch realistischer und individueller zu gestalten.<\/p>\n\n\n\n<blockquote class=\"wp-block-quote has-text-align-center has-nv-light-bg-background-color has-background is-layout-flow wp-block-quote-is-layout-flow\" style=\"padding-top:var(--wp--preset--spacing--30);padding-bottom:var(--wp--preset--spacing--30)\">\n<p class=\"has-large-font-size\" style=\"padding-top:var(--wp--preset--spacing--20);padding-bottom:var(--wp--preset--spacing--20)\">&#8222;Life gives you wings, but you decide where to fly.&#8220;<\/p>\n<cite>Unbekannt<\/cite><\/blockquote>\n\n\n\n<h2 class=\"wp-block-heading\" id=\"aktuelle-block-posts\">Letzte Blog Posts<\/h2>\n\n\n<ul class=\"wp-block-latest-posts__list is-grid columns-3 has-dates wp-block-latest-posts\"><li><a class=\"wp-block-latest-posts__post-title\" href=\"https:\/\/aviation.pero-online.de\/wordpress\/frohe-weihnachten-und-ein-gutes-neues\/\">Frohe Weihnachten und ein gutes Neues!<\/a><time datetime=\"2025-12-21T10:12:24+01:00\" class=\"wp-block-latest-posts__post-date\">21. Dezember 2025<\/time><div class=\"wp-block-latest-posts__post-excerpt\">Das Jahr neigt sich dem Ende zu und ich w\u00fcnsche euch ein&hellip;&nbsp;<a href=\"https:\/\/aviation.pero-online.de\/wordpress\/frohe-weihnachten-und-ein-gutes-neues\/\" rel=\"bookmark\">Weiterlesen &raquo;<span class=\"screen-reader-text\">Frohe Weihnachten und ein gutes Neues!<\/span><\/a><\/div><\/li>\n<li><a class=\"wp-block-latest-posts__post-title\" href=\"https:\/\/aviation.pero-online.de\/wordpress\/msfs-2020-und-ploetzlich-ist-die-atc-id-und-atc-airline-weg\/\">MSFS 2020 und pl\u00f6tzlich ist die ATC ID und ATC AIRLINE weg&#8230;<\/a><time datetime=\"2025-11-20T19:04:51+01:00\" class=\"wp-block-latest-posts__post-date\">20. November 2025<\/time><div class=\"wp-block-latest-posts__post-excerpt\">Im WorldFlight habe ich bemerkt, dass die Simulator Variablen f\u00fcr ATC ID&hellip;&nbsp;<a href=\"https:\/\/aviation.pero-online.de\/wordpress\/msfs-2020-und-ploetzlich-ist-die-atc-id-und-atc-airline-weg\/\" rel=\"bookmark\">Weiterlesen &raquo;<span class=\"screen-reader-text\">MSFS 2020 und pl\u00f6tzlich ist die ATC ID und ATC AIRLINE weg&#8230;<\/span><\/a><\/div><\/li>\n<li><a class=\"wp-block-latest-posts__post-title\" href=\"https:\/\/aviation.pero-online.de\/wordpress\/worldflight-2025-mein-rueckblick\/\">WorldFlight 2025: Mein R\u00fcckblick<\/a><time datetime=\"2025-11-09T06:21:37+01:00\" class=\"wp-block-latest-posts__post-date\">9. November 2025<\/time><div class=\"wp-block-latest-posts__post-excerpt\">Die Vorfreude war gro\u00df \u2013 und pl\u00f6tzlich ist die Weltumrundung schon vorbei.&hellip;&nbsp;<a href=\"https:\/\/aviation.pero-online.de\/wordpress\/worldflight-2025-mein-rueckblick\/\" rel=\"bookmark\">Weiterlesen &raquo;<span class=\"screen-reader-text\">WorldFlight 2025: Mein R\u00fcckblick<\/span><\/a><\/div><\/li>\n<li><a class=\"wp-block-latest-posts__post-title\" href=\"https:\/\/aviation.pero-online.de\/wordpress\/whats-next-syndrom-die-naechste-tageslicht-im-cockpit\/\">\u201eWhat\u2019s-next\u201c-Syndrom, die N\u00e4chste: Tageslicht im Cockpit<\/a><time datetime=\"2025-11-08T06:32:04+01:00\" class=\"wp-block-latest-posts__post-date\">8. November 2025<\/time><div class=\"wp-block-latest-posts__post-excerpt\">Mich hat schon immer gest\u00f6rt, dass mein Cockpit dunkel bleibt, obwohl der&hellip;&nbsp;<a href=\"https:\/\/aviation.pero-online.de\/wordpress\/whats-next-syndrom-die-naechste-tageslicht-im-cockpit\/\" rel=\"bookmark\">Weiterlesen &raquo;<span class=\"screen-reader-text\">\u201eWhat\u2019s-next\u201c-Syndrom, die N\u00e4chste: Tageslicht im Cockpit<\/span><\/a><\/div><\/li>\n<li><a class=\"wp-block-latest-posts__post-title\" href=\"https:\/\/aviation.pero-online.de\/wordpress\/msfs-layout-json-mit-einem-klick\/\">MSFS layout.json mit einem Klick<\/a><time datetime=\"2025-11-08T05:44:41+01:00\" class=\"wp-block-latest-posts__post-date\">8. November 2025<\/time><div class=\"wp-block-latest-posts__post-excerpt\">Es kommt vor, dass man f\u00fcr ein Add-on die layout.json aktualisieren muss.&hellip;&nbsp;<a href=\"https:\/\/aviation.pero-online.de\/wordpress\/msfs-layout-json-mit-einem-klick\/\" rel=\"bookmark\">Weiterlesen &raquo;<span class=\"screen-reader-text\">MSFS layout.json mit einem Klick<\/span><\/a><\/div><\/li>\n<li><a class=\"wp-block-latest-posts__post-title\" href=\"https:\/\/aviation.pero-online.de\/wordpress\/websites-als-app-installieren\/\">Websites als App installieren<\/a><time datetime=\"2025-11-03T09:29:00+01:00\" class=\"wp-block-latest-posts__post-date\">3. November 2025<\/time><div class=\"wp-block-latest-posts__post-excerpt\">Ich nutze im Cockpit schon l\u00e4nger ein Windows-Tablet, weil ich einige Anwendungen&hellip;&nbsp;<a href=\"https:\/\/aviation.pero-online.de\/wordpress\/websites-als-app-installieren\/\" rel=\"bookmark\">Weiterlesen &raquo;<span class=\"screen-reader-text\">Websites als App installieren<\/span><\/a><\/div><\/li>\n<li><a class=\"wp-block-latest-posts__post-title\" href=\"https:\/\/aviation.pero-online.de\/wordpress\/gps-wegpunkte-im-jeehell-fmgs\/\">GPS Wegpunkte im JeeHell FMGS<\/a><time datetime=\"2025-10-31T19:02:00+01:00\" class=\"wp-block-latest-posts__post-date\">31. Oktober 2025<\/time><div class=\"wp-block-latest-posts__post-excerpt\">F\u00fcr den WorldFlight \u00fcber der Antarktis muss ich eine GPS-Route abfliegen. Geplant&hellip;&nbsp;<a href=\"https:\/\/aviation.pero-online.de\/wordpress\/gps-wegpunkte-im-jeehell-fmgs\/\" rel=\"bookmark\">Weiterlesen &raquo;<span class=\"screen-reader-text\">GPS Wegpunkte im JeeHell FMGS<\/span><\/a><\/div><\/li>\n<li><a class=\"wp-block-latest-posts__post-title\" href=\"https:\/\/aviation.pero-online.de\/wordpress\/fliegen-in-der-polar-region-grid-track-im-navigation-display-nd\/\">Fliegen in der Polar Region: Grid Track und True Course im ND und PFD<\/a><time datetime=\"2025-10-26T16:54:00+01:00\" class=\"wp-block-latest-posts__post-date\">26. Oktober 2025<\/time><div class=\"wp-block-latest-posts__post-excerpt\">Ich habe das Vergn\u00fcgen im Rahmen des WorldFlight 2025 das Leg von&hellip;&nbsp;<a href=\"https:\/\/aviation.pero-online.de\/wordpress\/fliegen-in-der-polar-region-grid-track-im-navigation-display-nd\/\" rel=\"bookmark\">Weiterlesen &raquo;<span class=\"screen-reader-text\">Fliegen in der Polar Region: Grid Track und True Course im ND und PFD<\/span><\/a><\/div><\/li>\n<li><a class=\"wp-block-latest-posts__post-title\" href=\"https:\/\/aviation.pero-online.de\/wordpress\/youtube-kanal-airlines-live\/\">YouTube Kanal: Airlines Live<\/a><time datetime=\"2025-10-15T19:28:00+02:00\" class=\"wp-block-latest-posts__post-date\">15. Oktober 2025<\/time><div class=\"wp-block-latest-posts__post-excerpt\">Ich habe auf diesem Kanal einige interessante Videos entdeckt. Ich wei\u00df nicht,&hellip;&nbsp;<a href=\"https:\/\/aviation.pero-online.de\/wordpress\/youtube-kanal-airlines-live\/\" rel=\"bookmark\">Weiterlesen &raquo;<span class=\"screen-reader-text\">YouTube Kanal: Airlines Live<\/span><\/a><\/div><\/li>\n<\/ul>\n\n<p class=\"wp-block-tag-cloud\"><a href=\"https:\/\/aviation.pero-online.de\/wordpress\/tag\/airportsexporter\/\" class=\"tag-cloud-link tag-link-136 tag-link-position-1\" style=\"font-size: 8pt;\" aria-label=\"AirportsExporter (1\u00a0Eintrag)\">AirportsExporter<\/a>\n<a href=\"https:\/\/aviation.pero-online.de\/wordpress\/tag\/browser\/\" class=\"tag-cloud-link tag-link-153 tag-link-position-2\" style=\"font-size: 8pt;\" aria-label=\"Browser (1\u00a0Eintrag)\">Browser<\/a>\n<a href=\"https:\/\/aviation.pero-online.de\/wordpress\/tag\/chicago\/\" class=\"tag-cloud-link tag-link-143 tag-link-position-3\" style=\"font-size: 8pt;\" aria-label=\"Chicago (1\u00a0Eintrag)\">Chicago<\/a>\n<a href=\"https:\/\/aviation.pero-online.de\/wordpress\/tag\/cockpit\/\" class=\"tag-cloud-link tag-link-123 tag-link-position-4\" style=\"font-size: 19.454545454545pt;\" aria-label=\"Cockpit (23\u00a0Eintr\u00e4ge)\">Cockpit<\/a>\n<a href=\"https:\/\/aviation.pero-online.de\/wordpress\/tag\/cpdlc\/\" class=\"tag-cloud-link tag-link-101 tag-link-position-5\" style=\"font-size: 11.181818181818pt;\" aria-label=\"CPDLC (3\u00a0Eintr\u00e4ge)\">CPDLC<\/a>\n<a href=\"https:\/\/aviation.pero-online.de\/wordpress\/tag\/d-alam\/\" class=\"tag-cloud-link tag-link-124 tag-link-position-6\" style=\"font-size: 9.9090909090909pt;\" aria-label=\"D-ALAM (2\u00a0Eintr\u00e4ge)\">D-ALAM<\/a>\n<a href=\"https:\/\/aviation.pero-online.de\/wordpress\/tag\/dcdu\/\" class=\"tag-cloud-link tag-link-112 tag-link-position-7\" style=\"font-size: 9.9090909090909pt;\" aria-label=\"DCDU (2\u00a0Eintr\u00e4ge)\">DCDU<\/a>\n<a href=\"https:\/\/aviation.pero-online.de\/wordpress\/tag\/discord\/\" class=\"tag-cloud-link tag-link-103 tag-link-position-8\" style=\"font-size: 8pt;\" aria-label=\"Discord (1\u00a0Eintrag)\">Discord<\/a>\n<a href=\"https:\/\/aviation.pero-online.de\/wordpress\/tag\/event\/\" class=\"tag-cloud-link tag-link-117 tag-link-position-9\" style=\"font-size: 12.242424242424pt;\" aria-label=\"Event (4\u00a0Eintr\u00e4ge)\">Event<\/a>\n<a href=\"https:\/\/aviation.pero-online.de\/wordpress\/tag\/fcom\/\" class=\"tag-cloud-link tag-link-152 tag-link-position-10\" style=\"font-size: 8pt;\" aria-label=\"FCOM (1\u00a0Eintrag)\">FCOM<\/a>\n<a href=\"https:\/\/aviation.pero-online.de\/wordpress\/tag\/fotos\/\" class=\"tag-cloud-link tag-link-142 tag-link-position-11\" style=\"font-size: 8pt;\" aria-label=\"Fotos (1\u00a0Eintrag)\">Fotos<\/a>\n<a href=\"https:\/\/aviation.pero-online.de\/wordpress\/tag\/fsx\/\" class=\"tag-cloud-link tag-link-35 tag-link-position-12\" style=\"font-size: 8pt;\" aria-label=\"FSX (1\u00a0Eintrag)\">FSX<\/a>\n<a href=\"https:\/\/aviation.pero-online.de\/wordpress\/tag\/gps\/\" class=\"tag-cloud-link tag-link-154 tag-link-position-13\" style=\"font-size: 8pt;\" aria-label=\"GPS (1\u00a0Eintrag)\">GPS<\/a>\n<a href=\"https:\/\/aviation.pero-online.de\/wordpress\/tag\/gsx\/\" class=\"tag-cloud-link tag-link-60 tag-link-position-14\" style=\"font-size: 20.515151515152pt;\" aria-label=\"GSX (29\u00a0Eintr\u00e4ge)\">GSX<\/a>\n<a href=\"https:\/\/aviation.pero-online.de\/wordpress\/tag\/hardware\/\" class=\"tag-cloud-link tag-link-102 tag-link-position-15\" style=\"font-size: 8pt;\" aria-label=\"Hardware (1\u00a0Eintrag)\">Hardware<\/a>\n<a href=\"https:\/\/aviation.pero-online.de\/wordpress\/tag\/jeehell-fmgs\/\" class=\"tag-cloud-link tag-link-59 tag-link-position-16\" style=\"font-size: 17.015151515152pt;\" aria-label=\"JeeHell FMGS (13\u00a0Eintr\u00e4ge)\">JeeHell FMGS<\/a>\n<a href=\"https:\/\/aviation.pero-online.de\/wordpress\/tag\/kml\/\" class=\"tag-cloud-link tag-link-46 tag-link-position-17\" style=\"font-size: 8pt;\" aria-label=\"KML (1\u00a0Eintrag)\">KML<\/a>\n<a href=\"https:\/\/aviation.pero-online.de\/wordpress\/tag\/livestream\/\" class=\"tag-cloud-link tag-link-156 tag-link-position-18\" style=\"font-size: 8pt;\" aria-label=\"Livestream (1\u00a0Eintrag)\">Livestream<\/a>\n<a href=\"https:\/\/aviation.pero-online.de\/wordpress\/tag\/lua-script\/\" class=\"tag-cloud-link tag-link-82 tag-link-position-19\" style=\"font-size: 8pt;\" aria-label=\"LUA Script (1\u00a0Eintrag)\">LUA Script<\/a>\n<a href=\"https:\/\/aviation.pero-online.de\/wordpress\/tag\/mcdu\/\" class=\"tag-cloud-link tag-link-147 tag-link-position-20\" style=\"font-size: 9.9090909090909pt;\" aria-label=\"MCDU (2\u00a0Eintr\u00e4ge)\">MCDU<\/a>\n<a href=\"https:\/\/aviation.pero-online.de\/wordpress\/tag\/msfs\/\" class=\"tag-cloud-link tag-link-127 tag-link-position-21\" style=\"font-size: 15.848484848485pt;\" aria-label=\"MSFS (10\u00a0Eintr\u00e4ge)\">MSFS<\/a>\n<a href=\"https:\/\/aviation.pero-online.de\/wordpress\/tag\/msfs2020\/\" class=\"tag-cloud-link tag-link-131 tag-link-position-22\" style=\"font-size: 17.015151515152pt;\" aria-label=\"MSFS2020 (13\u00a0Eintr\u00e4ge)\">MSFS2020<\/a>\n<a href=\"https:\/\/aviation.pero-online.de\/wordpress\/tag\/msfs2024\/\" class=\"tag-cloud-link tag-link-132 tag-link-position-23\" style=\"font-size: 8pt;\" aria-label=\"MSFS2024 (1\u00a0Eintrag)\">MSFS2024<\/a>\n<a href=\"https:\/\/aviation.pero-online.de\/wordpress\/tag\/p3dv2\/\" class=\"tag-cloud-link tag-link-97 tag-link-position-24\" style=\"font-size: 8pt;\" aria-label=\"P3Dv2 (1\u00a0Eintrag)\">P3Dv2<\/a>\n<a href=\"https:\/\/aviation.pero-online.de\/wordpress\/tag\/p3dv4-4\/\" class=\"tag-cloud-link tag-link-98 tag-link-position-25\" style=\"font-size: 8pt;\" aria-label=\"P3Dv4.4 (1\u00a0Eintrag)\">P3Dv4.4<\/a>\n<a href=\"https:\/\/aviation.pero-online.de\/wordpress\/tag\/p3dv4-5\/\" class=\"tag-cloud-link tag-link-114 tag-link-position-26\" style=\"font-size: 9.9090909090909pt;\" aria-label=\"P3Dv4.5 (2\u00a0Eintr\u00e4ge)\">P3Dv4.5<\/a>\n<a href=\"https:\/\/aviation.pero-online.de\/wordpress\/tag\/p3dv5-1\/\" class=\"tag-cloud-link tag-link-113 tag-link-position-27\" style=\"font-size: 11.181818181818pt;\" aria-label=\"P3Dv5.1 (3\u00a0Eintr\u00e4ge)\">P3Dv5.1<\/a>\n<a href=\"https:\/\/aviation.pero-online.de\/wordpress\/tag\/p3dv5-2\/\" class=\"tag-cloud-link tag-link-96 tag-link-position-28\" style=\"font-size: 8pt;\" aria-label=\"P3Dv5.2 (1\u00a0Eintrag)\">P3Dv5.2<\/a>\n<a href=\"https:\/\/aviation.pero-online.de\/wordpress\/tag\/p3dv5-3\/\" class=\"tag-cloud-link tag-link-95 tag-link-position-29\" style=\"font-size: 18.393939393939pt;\" aria-label=\"P3Dv5.3 (18\u00a0Eintr\u00e4ge)\">P3Dv5.3<\/a>\n<a href=\"https:\/\/aviation.pero-online.de\/wordpress\/tag\/p3dv5-4\/\" class=\"tag-cloud-link tag-link-129 tag-link-position-30\" style=\"font-size: 9.9090909090909pt;\" aria-label=\"P3Dv5.4 (2\u00a0Eintr\u00e4ge)\">P3Dv5.4<\/a>\n<a href=\"https:\/\/aviation.pero-online.de\/wordpress\/tag\/polar\/\" class=\"tag-cloud-link tag-link-151 tag-link-position-31\" style=\"font-size: 8pt;\" aria-label=\"Polar (1\u00a0Eintrag)\">Polar<\/a>\n<a href=\"https:\/\/aviation.pero-online.de\/wordpress\/tag\/prepar3d\/\" class=\"tag-cloud-link tag-link-36 tag-link-position-32\" style=\"font-size: 8pt;\" aria-label=\"PREPAR3D (1\u00a0Eintrag)\">PREPAR3D<\/a>\n<a href=\"https:\/\/aviation.pero-online.de\/wordpress\/tag\/real-pilot\/\" class=\"tag-cloud-link tag-link-148 tag-link-position-33\" style=\"font-size: 8pt;\" aria-label=\"Real Pilot (1\u00a0Eintrag)\">Real Pilot<\/a>\n<a href=\"https:\/\/aviation.pero-online.de\/wordpress\/tag\/scenery\/\" class=\"tag-cloud-link tag-link-120 tag-link-position-34\" style=\"font-size: 13.090909090909pt;\" aria-label=\"Scenery (5\u00a0Eintr\u00e4ge)\">Scenery<\/a>\n<a href=\"https:\/\/aviation.pero-online.de\/wordpress\/tag\/simbrief\/\" class=\"tag-cloud-link tag-link-105 tag-link-position-35\" style=\"font-size: 9.9090909090909pt;\" aria-label=\"SimBrief (2\u00a0Eintr\u00e4ge)\">SimBrief<\/a>\n<a href=\"https:\/\/aviation.pero-online.de\/wordpress\/tag\/simstarter\/\" class=\"tag-cloud-link tag-link-104 tag-link-position-36\" style=\"font-size: 22pt;\" aria-label=\"SIMstarter (41\u00a0Eintr\u00e4ge)\">SIMstarter<\/a>\n<a href=\"https:\/\/aviation.pero-online.de\/wordpress\/tag\/sitze\/\" class=\"tag-cloud-link tag-link-146 tag-link-position-37\" style=\"font-size: 8pt;\" aria-label=\"Sitze (1\u00a0Eintrag)\">Sitze<\/a>\n<a href=\"https:\/\/aviation.pero-online.de\/wordpress\/tag\/sonstiges\/\" class=\"tag-cloud-link tag-link-133 tag-link-position-38\" style=\"font-size: 9.9090909090909pt;\" aria-label=\"Sonstiges (2\u00a0Eintr\u00e4ge)\">Sonstiges<\/a>\n<a href=\"https:\/\/aviation.pero-online.de\/wordpress\/tag\/streamdeck\/\" class=\"tag-cloud-link tag-link-99 tag-link-position-39\" style=\"font-size: 11.181818181818pt;\" aria-label=\"Streamdeck (3\u00a0Eintr\u00e4ge)\">Streamdeck<\/a>\n<a href=\"https:\/\/aviation.pero-online.de\/wordpress\/tag\/sven-mod\/\" class=\"tag-cloud-link tag-link-134 tag-link-position-40\" style=\"font-size: 15.848484848485pt;\" aria-label=\"Sven MOD (10\u00a0Eintr\u00e4ge)\">Sven MOD<\/a>\n<a href=\"https:\/\/aviation.pero-online.de\/wordpress\/tag\/tipp\/\" class=\"tag-cloud-link tag-link-106 tag-link-position-41\" style=\"font-size: 8pt;\" aria-label=\"Tipp (1\u00a0Eintrag)\">Tipp<\/a>\n<a href=\"https:\/\/aviation.pero-online.de\/wordpress\/tag\/topcat\/\" class=\"tag-cloud-link tag-link-107 tag-link-position-42\" style=\"font-size: 8pt;\" aria-label=\"TOPCAT (1\u00a0Eintrag)\">TOPCAT<\/a>\n<a href=\"https:\/\/aviation.pero-online.de\/wordpress\/tag\/vatsim\/\" class=\"tag-cloud-link tag-link-100 tag-link-position-43\" style=\"font-size: 16.272727272727pt;\" aria-label=\"VATSIM (11\u00a0Eintr\u00e4ge)\">VATSIM<\/a>\n<a href=\"https:\/\/aviation.pero-online.de\/wordpress\/tag\/video\/\" class=\"tag-cloud-link tag-link-141 tag-link-position-44\" style=\"font-size: 9.9090909090909pt;\" aria-label=\"Video (2\u00a0Eintr\u00e4ge)\">Video<\/a>\n<a href=\"https:\/\/aviation.pero-online.de\/wordpress\/tag\/wetter\/\" class=\"tag-cloud-link tag-link-145 tag-link-position-45\" style=\"font-size: 8pt;\" aria-label=\"Wetter (1\u00a0Eintrag)\">Wetter<\/a>\n<a href=\"https:\/\/aviation.pero-online.de\/wordpress\/tag\/win11\/\" class=\"tag-cloud-link tag-link-110 tag-link-position-46\" style=\"font-size: 12.242424242424pt;\" aria-label=\"Win11 (4\u00a0Eintr\u00e4ge)\">Win11<\/a>\n<a href=\"https:\/\/aviation.pero-online.de\/wordpress\/tag\/windows-11\/\" class=\"tag-cloud-link tag-link-109 tag-link-position-47\" style=\"font-size: 8pt;\" aria-label=\"Windows 11 (1\u00a0Eintrag)\">Windows 11<\/a>\n<a href=\"https:\/\/aviation.pero-online.de\/wordpress\/tag\/wordflight\/\" class=\"tag-cloud-link tag-link-155 tag-link-position-48\" style=\"font-size: 8pt;\" aria-label=\"Wordflight (1\u00a0Eintrag)\">Wordflight<\/a>\n<a href=\"https:\/\/aviation.pero-online.de\/wordpress\/tag\/worldflight\/\" class=\"tag-cloud-link tag-link-135 tag-link-position-49\" style=\"font-size: 9.9090909090909pt;\" aria-label=\"Worldflight (2\u00a0Eintr\u00e4ge)\">Worldflight<\/a>\n<a href=\"https:\/\/aviation.pero-online.de\/wordpress\/tag\/youtube\/\" class=\"tag-cloud-link tag-link-149 tag-link-position-50\" style=\"font-size: 8pt;\" aria-label=\"YouTube (1\u00a0Eintrag)\">YouTube<\/a><\/p>","protected":false},"excerpt":{"rendered":"<p>Dies ist meine private Webseite rund um die faszinierende Welt der Fliegerei und Flugsimulation. Schon seit vielen Jahren fasziniert mich, wie realit\u00e4tsnah sich moderne Simulatoren nutzen lassen, um Verfahren, Navigation und Cockpitabl\u00e4ufe zu erleben und zu verstehen. Dabei verbindet sich mein Interesse an der echten Luftfahrt mit der Leidenschaft, diese m\u00f6glichst pr\u00e4zise im Simulator nachzubilden.&hellip;&nbsp;<a href=\"https:\/\/aviation.pero-online.de\/wordpress\/\" rel=\"bookmark\">Weiterlesen &raquo;<span class=\"screen-reader-text\">Willkommen<\/span><\/a><\/p>\n","protected":false},"author":2,"featured_media":0,"parent":0,"menu_order":100,"comment_status":"closed","ping_status":"closed","template":"","meta":{"_stopmodifiedupdate":false,"_modified_date":"","neve_meta_sidebar":"","neve_meta_container":"","neve_meta_enable_content_width":"","neve_meta_content_width":0,"neve_meta_title_alignment":"","neve_meta_author_avatar":"","neve_post_elements_order":"","neve_meta_disable_header":"","neve_meta_disable_footer":"","neve_meta_disable_title":"","footnotes":""},"class_list":["post-1121","page","type-page","status-publish","hentry"],"_links":{"self":[{"href":"https:\/\/aviation.pero-online.de\/wordpress\/wp-json\/wp\/v2\/pages\/1121","targetHints":{"allow":["GET"]}}],"collection":[{"href":"https:\/\/aviation.pero-online.de\/wordpress\/wp-json\/wp\/v2\/pages"}],"about":[{"href":"https:\/\/aviation.pero-online.de\/wordpress\/wp-json\/wp\/v2\/types\/page"}],"author":[{"embeddable":true,"href":"https:\/\/aviation.pero-online.de\/wordpress\/wp-json\/wp\/v2\/users\/2"}],"replies":[{"embeddable":true,"href":"https:\/\/aviation.pero-online.de\/wordpress\/wp-json\/wp\/v2\/comments?post=1121"}],"version-history":[{"count":4,"href":"https:\/\/aviation.pero-online.de\/wordpress\/wp-json\/wp\/v2\/pages\/1121\/revisions"}],"predecessor-version":[{"id":4964,"href":"https:\/\/aviation.pero-online.de\/wordpress\/wp-json\/wp\/v2\/pages\/1121\/revisions\/4964"}],"wp:attachment":[{"href":"https:\/\/aviation.pero-online.de\/wordpress\/wp-json\/wp\/v2\/media?parent=1121"}],"curies":[{"name":"wp","href":"https:\/\/api.w.org\/{rel}","templated":true}]}}