{"id":1081,"date":"2016-04-03T12:36:23","date_gmt":"2016-04-03T11:36:23","guid":{"rendered":"http:\/\/aviation.pero-online.de\/wordpress\/?page_id=1081"},"modified":"2024-11-06T22:44:23","modified_gmt":"2024-11-06T21:44:23","slug":"simstarter-ng-p3d","status":"publish","type":"page","link":"https:\/\/aviation.pero-online.de\/wordpress\/softwareprojects\/simstarter-ng-p3d\/","title":{"rendered":"SIMstarter NG P3D"},"content":{"rendered":"\n<div class=\"wp-block-group\"><div class=\"wp-block-group__inner-container is-layout-flow wp-block-group-is-layout-flow\">\n<h2 class=\"wp-block-heading\" id=\"was-ist-simstarter-ng-p3d\">Was ist SIMstarter NG P3D?<\/h2>\n\n\n\n<div class=\"wp-block-image\"><figure class=\"alignright is-resized\"><img loading=\"lazy\" decoding=\"async\" src=\"http:\/\/aviation.pero-online.de\/wordpress\/wp-content\/uploads\/2013\/12\/cropped-FSXstarter_logo_smaller.png\" alt=\"\" class=\"wp-image-1107\" width=\"140\" height=\"140\" srcset=\"https:\/\/aviation.pero-online.de\/wordpress\/wp-content\/uploads\/2013\/12\/cropped-FSXstarter_logo_smaller.png 512w, https:\/\/aviation.pero-online.de\/wordpress\/wp-content\/uploads\/2013\/12\/cropped-FSXstarter_logo_smaller-150x150.png 150w, https:\/\/aviation.pero-online.de\/wordpress\/wp-content\/uploads\/2013\/12\/cropped-FSXstarter_logo_smaller-300x300.png 300w, https:\/\/aviation.pero-online.de\/wordpress\/wp-content\/uploads\/2013\/12\/cropped-FSXstarter_logo_smaller-270x270.png 270w, https:\/\/aviation.pero-online.de\/wordpress\/wp-content\/uploads\/2013\/12\/cropped-FSXstarter_logo_smaller-192x192.png 192w, https:\/\/aviation.pero-online.de\/wordpress\/wp-content\/uploads\/2013\/12\/cropped-FSXstarter_logo_smaller-180x180.png 180w, https:\/\/aviation.pero-online.de\/wordpress\/wp-content\/uploads\/2013\/12\/cropped-FSXstarter_logo_smaller-32x32.png 32w\" sizes=\"auto, (max-width: 140px) 100vw, 140px\" \/><\/figure><\/div>\n\n\n\n<p>SIMstarter NG P3D ist ein Startmanager f\u00fcr den Flugsimulator PREPAR3D\u00ae mit dem man verschiedene Konfigurationsprofile anlegen und auf Knopfdruck starten kann. Wer also f\u00fcr einen Sichtflug mehr Details einblenden m\u00f6chte, diese aber f\u00fcr einen Flug mit einem gro\u00dfen, komplexen Verkehrsflugzeug aus Performance gr\u00fcnden reduzieren muss, kann dies einfach \u00fcber verschiedene Start Profile erledigen.<\/p>\n\n\n\n<p>F\u00fcr verschiedenste Anwendungsszenarien k\u00f6nnen verschiedenste Profile erstellt werden. Steht zum Beispiel ein \u201elow and slow\u201c VFR Flug steht an, legt man sich ein Profil mit erh\u00f6htem LOD und gr\u00f6\u00dferer Szenerie dichte an, aktiviert Auto- und Schiffsverkehr, General Aviation Traffic hoch, spendiert der Wetterengine Active Sky gleichzeitig ein oder zwei Wolkenlayer mehr und schaltet in der Szenerie Verwaltung (Scenery.cfg) alle netten, kleinen Flugpl\u00e4tze und netten Gimmicks an. Jetzt aber das \u201eDickblech\u201c: Auto- und Schiffsverkehr aus, IFR Traffic rauf, General Aviation Traffic runter, kleine Flugpl\u00e4tze deaktivieren, da dort der Airbus X eh nicht landen kann und die Charttools gleichzeitig starten. Oder wie w\u00e4re es mit einem Onlineflug: AI Traffic deaktivieren, IVAO Modelle aktivieren, AI Chat Sound deaktivieren, Flugzeuglabel an, damit man die Mitspieler identifizieren kann, usw. Oder eben je nach Region alles \u00dcberfl\u00fcssige abschalten.<\/p>\n\n\n\n<p>SIMstarter NG P3D ist zudem auch ein starker Konfigurationseditor. Man kann verschiedene Konfigurationsdateien des Simulators komfortabel mit einer grafischen Oberfl\u00e4che \u00e4ndern und verwalten. Viele bekannte Tweaks sind schon voreinstellt und m\u00fcssen nur noch aktiviert werden.<\/p>\n\n\n\n<p><strong>SIMstarter NG P3D ist der Nachfolger des SIMstarter NG, der zahlreiche Optimierungen und Verbesserungen mit sich bringt und zudem zu PREPAR3D\u00ae v5 kompatibel ist. FSX \u2013 P3D v4.4 werden mit dieser Version nicht mehr unterst\u00fctzt.<\/strong><\/p>\n\n\n\n<h2 class=\"wp-block-heading\" id=\"uberblick\">\u00dcberblick<\/h2>\n\n\n\n<ul class=\"wp-block-list\"><li>Verwaltung von bis zu 99.999 Profilen pro Simulator Plattform<\/li><li>Es k\u00f6nnen parallel mehrere Simulatoren verwendet werden<\/li><li>Grafische Verwaltung der Szenerien, SimObjects, Add-On.xml Dateien und weitere Konfigurationseinstellungen<\/li><li>Verschiedene Programme k\u00f6nnen hinterlegt und automatisch mit jedem Profilstart gestartet werden. Zudem k\u00f6nnen verschiedene Dateioperationen (kopieren, l\u00f6schen, umbenennen, usw.) beim Profilstart ausgef\u00fchrt werden<\/li><li>Nicht ben\u00f6tigte Software kann automatisch geschlossen werden, um Ressourcen zu sparen und nach dem Simulator Ende wieder gestartet werden<\/li><li>Alle installierten Add-On Flugh\u00e4fen k\u00f6nnen zur besseren \u00dcbersicht in Google Earth angezeigt werden<\/li><li>Integriertes Backup der Konfigurationsdateien und Backup-Manager f\u00fcr Konfigurationsdateien<\/li><li>Benutzereinstellungen werden protokolliert, so beh\u00e4lt man den \u00dcberblick \u00fcber \u00c4nderungen<\/li><li>Mehrsprachig (deutsch\/englisch)<\/li><\/ul>\n\n\n\n<h2 class=\"wp-block-heading\" id=\"systemvoraussetzungen\">Systemvoraussetzungen<\/h2>\n\n\n\n<ul class=\"wp-block-list\"><li>Prepar3D\u00ae V4.5, v5.0 bis v5.3<\/li><li>Windows 10 \/ 11 (64 bit)<\/li><li>2.0 GHz Prozessor (Intel Core 2 Duo empfohlen)<\/li><li>8 GB RAM interner Speicher<\/li><li>2 GB Grafikkarte (3 GB VRAM empfohlen)<\/li><li>PDF-Reader f\u00fcr das Manual<\/li><li>FSUIPC \/ MakeRwys f\u00fcr einige Funktionen<\/li><li>Download-Gr\u00f6\u00dfe: ~20 MB<\/li><\/ul>\n\n\n\n<h2 class=\"wp-block-heading\" id=\"programmfunktionen\">Programmfunktionen<\/h2>\n\n\n\n<p><strong>PROFILE<\/strong><\/p>\n\n\n\n<ul class=\"wp-block-list\"><li>Profile k\u00f6nnen erstellt, bearbeitet oder gel\u00f6scht werden<\/li><li>Jedem Profil k\u00f6nnen unterschiedliche Konfigurationseinstellungen zugewiesen werden<\/li><li>Profile k\u00f6nnen einfach per Mausklick gestartet werden<\/li><li>Man kann jedem Profil unterschiedliche \u201eSplash Screens\u201c zuweisen<\/li><li>Das Luftfahrzeug, die Parkposition und das Datum k\u00f6nnen vor dem Start ausgew\u00e4hlt werden (**)<\/li><li>Gespeicherte Fl\u00fcge k\u00f6nnen direkt geladen werden und in Google Earth dargestellt werden (***)<\/li><li>Die Uhrzeit kann vor dem Start des Simulators eingestellt werden. Auch die Systemzeit kann verwendet werden. Zudem kann die Drittsoftware \u201eReal Time Flight Manager\u201c eingebunden werden, damit man am Abflug Flughafen immer die richtige lokale Zeit hat<\/li><li>Flugpl\u00e4ne k\u00f6nnen direkt geladen werden (auch automatisch der letzte, gespeicherte Flugplan)<\/li><li>Ein METAR\/TAF Dialog informiert \u00fcber das aktuelle Wetter<\/li><li>Unterschiedliche Steuerungsprofile k\u00f6nnen geladen werden<\/li><li>Nicht ben\u00f6tigte Programme k\u00f6nnen gestoppt und nach dem beenden des Simulators wieder automatisch gestartet werden<\/li><li>Unterschiedliche FSUIPC Konfigurationsdateien k\u00f6nnen je Profil geladen werden<\/li><li>Integration der Freeware \u201eAutogen Configuration Merger\u201c<\/li><li>HIFI \u201eActive Sky\u201c kann automatisch mit unterschiedlichen Konfigurationen gestartet werden<\/li><li>Integration der Drittsoftware \u201eReal Time Flight Manager\u201c, der automatisch startet, wenn man in den Zeiteinstellungen \u201eLocal UTC\u201c ausw\u00e4hlt und so die lokale Zeit am Abflughafen einstellt<\/li><li>NEU: \u201eReal Time Flight Manager\u201c wird nach dem Simulator ebenfalls beendet<\/li><\/ul>\n\n\n\n<p><strong>ADD-ON.XML KONFIGURATIONSMANAGER<\/strong><\/p>\n\n\n\n<ul class=\"wp-block-list\"><li>Erstellt, bearbeitet und entfernt add-on.xml Dateien f\u00fcr PREPAR3D\u00ae<\/li><li>Zeigt alle verf\u00fcgbaren add-on.xml Dateien grafisch an<\/li><li>Add-on.xml Dateien k\u00f6nnen auch aus einer Verzeichnisstruktur automatisch erstellt werden<\/li><li>Die Add-Ons k\u00f6nnen Profilen zugewiesen werden, so dass in einem Profil nur die Add-Ons gestartet werden, die erforderlich sind<\/li><li>Fehlende add-on.xml Dateien k\u00f6nnen komfortabel gesucht und in PREPAR3D\u00ae angemeldet werden<\/li><li>Eine automatische Erkennung von Szenerie Ordnern erlaubt das vollautomatisierte Einbinden von add-on.xml Categories (ohne dass man m\u00fchsam jede einzeln eintragen muss)<\/li><li>Neu: Es k\u00f6nnen nun auch DiscoveryPath Einstellungen verwaltet werden<\/li><li>Neu: Es k\u00f6nnen nun mehrere Components aus einer add-on.xml Datei entfernt werden<\/li><\/ul>\n\n\n\n<p><strong>SIMULATOR KONFIGURATIONSMANAGER<\/strong><\/p>\n\n\n\n<ul class=\"wp-block-list\"><li>Es k\u00f6nnen nahezu alle Konfigurationseinstellungen im Simulator in Konfigurationsprofilen (ConfigSets) angepasst werden<\/li><li>Zudem sind weitere Konfigurationseinstellungen und Tweaks verf\u00fcgbar, die im Simulator nicht sichtbar sind<\/li><li>Diese unterschiedlichen Einstellungen k\u00f6nnen Profilen zugewiesen werden, damit je Profil andere Einstellungen angewendet werden<\/li><li>Grafische Bearbeitung der prepar3d.cfg Datei<\/li><\/ul>\n\n\n\n<p><strong>SZENERIE KONFIGURATIONSMANAGER<\/strong><\/p>\n\n\n\n<ul class=\"wp-block-list\"><li>Szenerien k\u00f6nnen in einer grafischen Oberfl\u00e4che hinzugef\u00fcgt, ge\u00e4ndert oder entfernt werden<\/li><li>Es k\u00f6nnen \u201eScenery Spacer\u201c angelegt werden, welche die Szenerie Bibliothek \u00fcbersichtlicher machen<\/li><li>Es k\u00f6nnen mehrere Szenerien aus einer Verzeichnisstruktur automatisch hinzugef\u00fcgt werden<\/li><li>Szenerien k\u00f6nnen Profilen zugewiesen werden und werden somit nur aktiv, wenn Sie wirklich ben\u00f6tig werden<\/li><li>Grafische Bearbeitung der scenery.cfg Datei<\/li><li>Alle Szenerien k\u00f6nnen in eine HTML-Datei exportiert werden<\/li><li>Es k\u00f6nnen mehrere Szenerien automatisch hinzugef\u00fcgt werden, indem man einen Quellpfad ausw\u00e4hlt<\/li><li>NEU: Sortierung f\u00fcr add-on.xml optimiert<\/li><\/ul>\n\n\n\n<p><strong>START MANAGER<\/strong><\/p>\n\n\n\n<ul class=\"wp-block-list\"><li>Definition von Programmen, die mit dem Simulator gestartet werden sollen<\/li><li>Programme k\u00f6nnen hinzugef\u00fcgt, bearbeitet oder aus der Liste entfernt werden<\/li><li>Je Programm kann die CPU-Priorit\u00e4t und die verwendeten Cores eingestellt werden<\/li><li>Der Programmstart kann verz\u00f6gert werden, bis der Simulator und das Luftfahrzeug geladen wurden (*)<\/li><li>Programm k\u00f6nnen nach dem beenden des Simulators automatisch geschlossen werden<\/li><li>Datei Operationen wie (kopieren, l\u00f6schen und umbenennen) erm\u00f6glichen eine hohe Flexibilit\u00e4t beim Starten eines Profils<\/li><\/ul>\n\n\n\n<p><strong>AUTOGEN, EFFECTS, FONTS, GAUGES, PROPDEFS, SCALEFORM, SCENARIOS, SCRIPTS, SIMOBJECTS, SOUND, TEXTURE, WEATHER<\/strong><strong> KONFIGURATIONSMANAGER<\/strong><\/p>\n\n\n\n<ul class=\"wp-block-list\"><li>Eintr\u00e4ge in diesen Dateien k\u00f6nnen hinzugef\u00fcgt, ver\u00e4ndert oder entfernt werden<\/li><li>Diese ConfigSets k\u00f6nnen Profilen zugewiesen werden, um Profilspezifisch nur die Objekte zu laden, die auch erforderlich sind<\/li><li>Grafische Bearbeitung der genannten Konfigurationsdateien<\/li><\/ul>\n\n\n\n<p><strong>DLL\/EXE.XML KONFIGURATIONSMANAGER<\/strong><\/p>\n\n\n\n<ul class=\"wp-block-list\"><li>Eintr\u00e4ge k\u00f6nnen hinzugef\u00fcgt, bearbeitet oder entfernt werden<\/li><li>Alle Einstellungen k\u00f6nnen komfortabel per Mausklick bearbeitet werden<\/li><li>Grafische Bearbeitung der dll.xml und exe.xml Dateien<\/li><\/ul>\n\n\n\n<p><strong>ACTIVE SKY KONFIGURATIONSMANAGER<\/strong><\/p>\n\n\n\n<ul class=\"wp-block-list\"><li>Unterst\u00fctzung von Active Sky 2016 P3Dv4 (Active Sky f\u00fcr P3Dv5 noch nicht verf\u00fcgbar)<\/li><li>Es k\u00f6nnten unterschiedliche Konfigurationseinstellungen f\u00fcr Active Sky hinzugef\u00fcgt, bearbeitet oder entfernt werden<\/li><li>Die Konfigurationsprofile stehen in den Profilen zur Verf\u00fcgung, so dass je Profil unterschiedliche Wettereinstellungen erfolgen k\u00f6nnen<\/li><\/ul>\n\n\n\n<p><strong>LIVERY MANAGER<\/strong><\/p>\n\n\n\n<ul class=\"wp-block-list\"><li>Verwaltet Luftfahrzeuge und dessen Bemalungen<\/li><li>Es k\u00f6nnen Luftfahrzeuge sortiert, aktiviert oder deaktiviert werden<\/li><li>Mit dem Livery Import k\u00f6nnen Luftfahrzeug Bemalungen von Drittanbietern f\u00fcr viele Luftfahrzeuge hinzugef\u00fcgt werden<\/li><\/ul>\n\n\n\n<p><strong>START POSITION<\/strong><\/p>\n\n\n\n<ul class=\"wp-block-list\"><li>Die Startposition des Luftfahrzeugs kann vor dem Start des Simulators ausgew\u00e4hlt werden (**)<\/li><li>Dazu kann das Gate oder die Parkposition auch nach Airline Codes gefiltert werden<\/li><li>Auch der METAR\/TAF f\u00fcr den Zielflughafen kann angezeigt werden<\/li><li>NEU: Verbesserungen am Dialog<\/li><li>NEU: Der Startflughafen wird nun aus dem Profil geladen und die Einstellungen der Checkboxen werden gespeichert<\/li><\/ul>\n\n\n\n<p><strong>FLUGPLAN LADEN<\/strong><\/p>\n\n\n\n<ul class=\"wp-block-list\"><li>Zu jedem Flug kann ein Flugplan geladen werden (**)<\/li><li>Es besteht die M\u00f6glichkeit einen Flugplan auszuw\u00e4hlen oder den zuletzt gespeicherten Flugplan automatisch zu laden<\/li><li>NEU: Abh\u00e4ngig vom gew\u00e4hlten Abflugflughafen l\u00e4dt SIMstarter NG P3D nun den letzten Flugplan, der mit dem Abflug ICAO im Dateinamen beginnt (ICAO*.pln)<\/li><\/ul>\n\n\n\n<p><strong>FILESWITCHER<\/strong><\/p>\n\n\n\n<ul class=\"wp-block-list\"><li>Der Fileswitcher ist ein Tool, welches Dateien in \u201e.off\u201c umbenennen kann. Damit werden diese Dateien im Simulator nicht mehr verwendet. Immer wieder verlangen Szenerien, dass bestimmte Dateien deaktiviert werden, dies kann mit dem Fileswitcher einfach per Klick erfolgen<\/li><li>Alle Datei \u00c4nderungen werden protokolliert. So sieht man immer, welche Datei wann umbenannt wurden. \u00c4nderungen sind also leicht r\u00fcckg\u00e4ngig zu machen<\/li><li>F\u00fcr viele Airports sind Presets verf\u00fcgbar (ORBX Germany North\/South, usw.)<\/li><li>NEU: Benutzerfreundlichkeit des Dialogs verbessert<\/li><\/ul>\n\n\n\n<p><strong>ZEIGE GATES PRO AIRLINE<\/strong><\/p>\n\n\n\n<ul class=\"wp-block-list\"><li>Die Frage, an welchem Gate die Airline XYZ auf einem bestimmten Airport vorgesehen ist, an in diesem Dialog beantwortet werden (basiert auf dem AFCAD der Szenerie)<\/li><li>NEU: Die Sortierung wurde verbessert<\/li><\/ul>\n\n\n\n<p><strong>AFFINITY CALCULATOR<\/strong><\/p>\n\n\n\n<ul class=\"wp-block-list\"><li>Viele Simulator Plattformen und Systeme profitieren von der Einstellung \u201eAffinityMask\u201c<\/li><li>im Affinity Calculator kann der Wert komfortabel per Click bestimmt werden<\/li><li>Fehler werden vermieten, weil die grafische Oberfl\u00e4che nur die Cores anzeigt, die auch verf\u00fcgbar sind<\/li><\/ul>\n\n\n\n<p><strong>MAKERUNWAYS SUPPORT<\/strong><\/p>\n\n\n\n<ul class=\"wp-block-list\"><li>Unterst\u00fctzt die Freeware MakeRwys von Pete Dowson und bindet Szenerien auch aus add-on.xml Dateien mit ein<\/li><li>NEU: Support f\u00fcr MakeRwys 4.90 und FSUIPC6<\/li><\/ul>\n\n\n\n<p><strong>SIMCONFIGBACKUP<\/strong><\/p>\n\n\n\n<ul class=\"wp-block-list\"><li>Mit dem Tool k\u00f6nnen die Konfigurationsdateien des Simulators gesichert werden<\/li><li>Das Backup wird abh\u00e4ngig von einem Backup Plan vom SIMstarter NG P3D ausgef\u00fchrt<\/li><li>Dateien k\u00f6nnen entweder an den Urspr\u00fcnglichen oder an einen anderen Ort zur\u00fcckgesichert werden<\/li><li>NEU: Datums Spalten k\u00f6nnen sortiert werden<\/li><\/ul>\n\n\n\n<p><strong>FLUGH\u00c4FEN IN GOOGLE EARTH (***)<\/strong><\/p>\n\n\n\n<ul class=\"wp-block-list\"><li>Es k\u00f6nnen alle installierten Add-On Flugh\u00e4fen in einer Google Earth Karte dargestellt werden. So hat man einen sch\u00f6nen \u00dcberblick \u00fcber die installierten Flugh\u00e4fen.<\/li><\/ul>\n\n\n\n<p><strong>GESPEICHERTE FL\u00dcGE IN GOOGLE EARTH (***)<\/strong><\/p>\n\n\n\n<ul class=\"wp-block-list\"><li>Es k\u00f6nnen alle gespeicherten Fl\u00fcge in einer Google Earth Karte dargestellt werden. So sieht man auf einen Blick, wo die Flotte \u201egeparkt\u201c ist<\/li><\/ul>\n\n\n\n<p><em>(*) Diese Funktion erfordert die Freeware Version der Software FSUIPC<\/em><br><em>(**) Die Funktion ist ggf. f\u00fcr einige komplexe Add-On Luftfahrzeuge nicht verf\u00fcgbar<\/em><br><em>(***) Erfordert die Software \u201eGoogle Earth\u201c<\/em><\/p>\n\n\n\n<h2 class=\"wp-block-heading\" id=\"wie-kann-ich-es-bekommen\"><a href=\"http:\/\/aviation.pero-online.de\/wordpress\/wp-content\/uploads\/2014\/09\/AerosoftLogo_104px.png\" rel=\"attachment wp-att-1192\"><img loading=\"lazy\" decoding=\"async\" class=\"size-full wp-image-1192 alignright\" src=\"http:\/\/aviation.pero-online.de\/wordpress\/wp-content\/uploads\/2014\/09\/AerosoftLogo_104px.png\" alt=\"AerosoftLogo_104px\" width=\"148\" height=\"104\"><\/a>Wie kann ich es bekommen?<\/h2>\n\n\n\n<p>SIMstarter NG P3D kann in folgenden Online Shops erworben werden:<\/p>\n\n\n\n<ul class=\"wp-block-list\"><li><strong><a rel=\"noopener noreferrer\" href=\"http:\/\/www.aerosoft.com\/products\/simstarter-ng\/simstarter-ng.html\" target=\"_blank\">Aeros<\/a><a href=\"https:\/\/www.aerosoft.com\/de\/flugsimulation\/prepar3d-v4\/tools\/3064\/simstarter-ng-p3d\" data-type=\"URL\" data-id=\"https:\/\/www.aerosoft.com\/de\/flugsimulation\/prepar3d-v4\/tools\/3064\/simstarter-ng-p3d\" target=\"_blank\" rel=\"noreferrer noopener\">oft Shop<\/a><\/strong><\/li><\/ul>\n\n\n\n<h2 class=\"wp-block-heading\" id=\"support\">Support<\/h2>\n\n\n\n<p>Support f\u00fcr das Programm wird durch Aerosoft erbracht. Bitte benutzen Sie vorrangig das Supportforum, da es der schnellste und effizienteste Weg ist. <br><a href=\"http:\/\/forum.aerosoft.com\/index.php?\/forum\/757-simstarter-ng\/\"><strong>http:\/\/forum.aerosoft.com\/index.php?\/forum\/757-simstarter-ng\/<\/strong><\/a><\/p>\n\n\n\n<p>Sie finden SIMstarter NG im Unterforum <strong>Tools.<\/strong> Wenn Sie Support per Email ben\u00f6tigen, bedenken Sie bitte, dass dieser Weg etwas l\u00e4nger dauern kann, da unsere Supportmitarbeiter an Wochenenden nur eingeschr\u00e4nkt verf\u00fcgbar sind.<\/p>\n\n\n\n<h2 class=\"wp-block-heading\" id=\"release-notes\">Release Notes<\/h2>\n\n\n\n<p><a href=\"http:\/\/aviation.pero-online.de\/simstarterngp3d\/releasenotes\/\">http:\/\/aviation.pero-online.de\/simstarterngp3d\/releasenotes\/<\/a><\/p>\n\n\n\n<h2 class=\"wp-block-heading\" id=\"handbuch\">Handbuch<\/h2>\n<\/div><\/div>\n\n\n\n\n\n\n<p><\/p>\n","protected":false},"excerpt":{"rendered":"<p>Was ist SIMstarter NG P3D? SIMstarter NG P3D ist ein Startmanager f\u00fcr den Flugsimulator PREPAR3D\u00ae mit dem man verschiedene Konfigurationsprofile anlegen und auf Knopfdruck starten kann. Wer also f\u00fcr einen Sichtflug mehr Details einblenden m\u00f6chte, diese aber f\u00fcr einen Flug mit einem gro\u00dfen, komplexen Verkehrsflugzeug aus Performance gr\u00fcnden reduzieren muss, kann dies einfach \u00fcber verschiedene&hellip;&nbsp;<a href=\"https:\/\/aviation.pero-online.de\/wordpress\/softwareprojects\/simstarter-ng-p3d\/\" rel=\"bookmark\">Weiterlesen &raquo;<span class=\"screen-reader-text\">SIMstarter NG P3D<\/span><\/a><\/p>\n","protected":false},"author":2,"featured_media":0,"parent":99,"menu_order":0,"comment_status":"closed","ping_status":"closed","template":"","meta":{"_stopmodifiedupdate":false,"_modified_date":"","neve_meta_sidebar":"","neve_meta_container":"","neve_meta_enable_content_width":"","neve_meta_content_width":0,"neve_meta_title_alignment":"","neve_meta_author_avatar":"","neve_post_elements_order":"","neve_meta_disable_header":"","neve_meta_disable_footer":"","neve_meta_disable_title":"","footnotes":""},"class_list":["post-1081","page","type-page","status-publish","hentry"],"_links":{"self":[{"href":"https:\/\/aviation.pero-online.de\/wordpress\/wp-json\/wp\/v2\/pages\/1081","targetHints":{"allow":["GET"]}}],"collection":[{"href":"https:\/\/aviation.pero-online.de\/wordpress\/wp-json\/wp\/v2\/pages"}],"about":[{"href":"https:\/\/aviation.pero-online.de\/wordpress\/wp-json\/wp\/v2\/types\/page"}],"author":[{"embeddable":true,"href":"https:\/\/aviation.pero-online.de\/wordpress\/wp-json\/wp\/v2\/users\/2"}],"replies":[{"embeddable":true,"href":"https:\/\/aviation.pero-online.de\/wordpress\/wp-json\/wp\/v2\/comments?post=1081"}],"version-history":[{"count":0,"href":"https:\/\/aviation.pero-online.de\/wordpress\/wp-json\/wp\/v2\/pages\/1081\/revisions"}],"up":[{"embeddable":true,"href":"https:\/\/aviation.pero-online.de\/wordpress\/wp-json\/wp\/v2\/pages\/99"}],"wp:attachment":[{"href":"https:\/\/aviation.pero-online.de\/wordpress\/wp-json\/wp\/v2\/media?parent=1081"}],"curies":[{"name":"wp","href":"https:\/\/api.w.org\/{rel}","templated":true}]}}